{"id":108,"date":"2024-05-16T15:44:09","date_gmt":"2024-05-16T15:44:09","guid":{"rendered":"https:\/\/livantest.difadi.net\/?page_id=108"},"modified":"2025-03-05T17:00:04","modified_gmt":"2025-03-05T17:00:04","slug":"contacto-livan","status":"publish","type":"page","link":"https:\/\/livantest.difadi.net\/?page_id=108","title":{"rendered":"Contacto"},"content":{"rendered":"\t\t<div data-elementor-type=\"wp-page\" data-elementor-id=\"108\" class=\"elementor elementor-108\" data-elementor-settings=\"{&quot;ha_cmc_init_switcher&quot;:&quot;no&quot;}\" data-elementor-post-type=\"page\">\n\t\t\t\t<div class=\"elementor-element elementor-element-ce73323 e-flex e-con-boxed e-con e-parent\" data-id=\"ce73323\" data-element_type=\"container\" data-settings=\"{&quot;background_background&quot;:&quot;classic&quot;,&quot;_ha_eqh_enable&quot;:false}\">\n\t\t\t\t\t<div class=\"e-con-inner\">\n\t\t\t\t<div class=\"elementor-element elementor-element-4efed09 elementor-widget elementor-widget-heading\" data-id=\"4efed09\" data-element_type=\"widget\" data-widget_type=\"heading.default\">\n\t\t\t\t<div class=\"elementor-widget-container\">\n\t\t\t\t\t<p class=\"elementor-heading-title elementor-size-default\">Contacto<\/p>\t\t\t\t<\/div>\n\t\t\t\t<\/div>\n\t\t\t\t\t<\/div>\n\t\t\t\t<\/div>\n\t\t<div class=\"elementor-element elementor-element-bd39ffb e-flex e-con-boxed e-con e-parent\" data-id=\"bd39ffb\" data-element_type=\"container\" data-settings=\"{&quot;_ha_eqh_enable&quot;:false}\">\n\t\t\t\t\t<div class=\"e-con-inner\">\n\t\t<div class=\"elementor-element elementor-element-25ac257 e-con-full e-flex e-con e-child\" data-id=\"25ac257\" data-element_type=\"container\" data-settings=\"{&quot;_ha_eqh_enable&quot;:false}\">\n\t\t\t\t<div class=\"elementor-element elementor-element-0268439 elementor-widget elementor-widget-image\" data-id=\"0268439\" data-element_type=\"widget\" data-widget_type=\"image.default\">\n\t\t\t\t<div class=\"elementor-widget-container\">\n\t\t\t\t\t\t\t\t\t\t\t\t\t\t\t<img fetchpriority=\"high\" decoding=\"async\" width=\"700\" height=\"467\" src=\"https:\/\/livantest.difadi.net\/wp-content\/uploads\/2024\/05\/atencion-cliente.jpg\" class=\"attachment-large size-large wp-image-148\" alt=\"\" srcset=\"https:\/\/livantest.difadi.net\/wp-content\/uploads\/2024\/05\/atencion-cliente.jpg 700w, https:\/\/livantest.difadi.net\/wp-content\/uploads\/2024\/05\/atencion-cliente-300x200.jpg 300w\" sizes=\"(max-width: 700px) 100vw, 700px\" \/>\t\t\t\t\t\t\t\t\t\t\t\t\t\t\t<\/div>\n\t\t\t\t<\/div>\n\t\t\t\t<\/div>\n\t\t<div class=\"elementor-element elementor-element-f9fa70c e-con-full e-flex e-con e-child\" data-id=\"f9fa70c\" data-element_type=\"container\" data-settings=\"{&quot;_ha_eqh_enable&quot;:false}\">\n\t\t\t\t<div class=\"elementor-element elementor-element-176eb7b elementor-widget elementor-widget-heading\" data-id=\"176eb7b\" data-element_type=\"widget\" data-widget_type=\"heading.default\">\n\t\t\t\t<div class=\"elementor-widget-container\">\n\t\t\t\t\t<h2 class=\"elementor-heading-title elementor-size-default\">Tel\u00e9fono gratuito de Atenci\u00f3n al Cliente<\/h2>\t\t\t\t<\/div>\n\t\t\t\t<\/div>\n\t\t\t\t<div class=\"elementor-element elementor-element-5dc54af elementor-widget elementor-widget-text-editor\" data-id=\"5dc54af\" data-element_type=\"widget\" data-widget_type=\"text-editor.default\">\n\t\t\t\t<div class=\"elementor-widget-container\">\n\t\t\t\t\t\t\t\t\t<p>En Livan, estamos comprometidos a brindarte una atenci\u00f3n al cliente excepcional. Tu satisfacci\u00f3n es nuestra prioridad.<\/p><p>Llama al <strong>910 887 979 <\/strong>y contacta con nuestro equipo.<\/p>\t\t\t\t\t\t\t\t<\/div>\n\t\t\t\t<\/div>\n\t\t\t\t<\/div>\n\t\t\t\t\t<\/div>\n\t\t\t\t<\/div>\n\t\t<div class=\"elementor-element elementor-element-908bb66 e-flex e-con-boxed e-con e-parent\" data-id=\"908bb66\" data-element_type=\"container\" data-settings=\"{&quot;_ha_eqh_enable&quot;:false}\">\n\t\t\t\t\t<div class=\"e-con-inner\">\n\t\t\t\t<div class=\"elementor-element elementor-element-1c496c3 elementor-widget elementor-widget-ha-cf7 happy-addon ha-cf7\" data-id=\"1c496c3\" data-element_type=\"widget\" data-widget_type=\"ha-cf7.default\">\n\t\t\t\t<div class=\"elementor-widget-container\">\n\t\t\t\t\t\n<div class=\"wpcf7 no-js\" id=\"wpcf7-f14-o1\" lang=\"es-ES\" dir=\"ltr\" data-wpcf7-id=\"14\">\n<div class=\"screen-reader-response\"><p role=\"status\" aria-live=\"polite\" aria-atomic=\"true\"><\/p> <ul><\/ul><\/div>\n<form action=\"\/index.php?rest_route=%2Fwp%2Fv2%2Fpages%2F108#wpcf7-f14-o1\" method=\"post\" class=\"wpcf7-form init ha-cf7-form\" aria-label=\"Formulario de contacto\" novalidate=\"novalidate\" data-status=\"init\">\n<div style=\"display: none;\">\n<input type=\"hidden\" name=\"_wpcf7\" value=\"14\" \/>\n<input type=\"hidden\" name=\"_wpcf7_version\" value=\"6.0.5\" \/>\n<input type=\"hidden\" name=\"_wpcf7_locale\" value=\"es_ES\" \/>\n<input type=\"hidden\" name=\"_wpcf7_unit_tag\" value=\"wpcf7-f14-o1\" \/>\n<input type=\"hidden\" name=\"_wpcf7_container_post\" value=\"0\" \/>\n<input type=\"hidden\" name=\"_wpcf7_posted_data_hash\" value=\"\" \/>\n<input type=\"hidden\" name=\"_wpcf7_recaptcha_response\" value=\"\" \/>\n<\/div>\n<style>\n .form-row {\n display: flex;\n gap: 20px;\n margin-bottom: 15px;\n }\n\n .form-row div {\n flex: 1;\n }\n\n .email-phone {\n display: flex;\n gap: 20px;\n margin-bottom: 15px;\n }\n\n .email-phone div:first-child {\n flex: 7;\n }\n\n .email-phone div:last-child {\n flex: 3;\n }\n\n .province-postal {\n display: flex;\n gap: 20px;\n margin-bottom: 15px;\n }\n\n .province-postal div:first-child {\n flex: 8;\n }\n\n .province-postal div:last-child {\n flex: 2;\n }\n\n textarea[name=\"your-message\"] {\n height: 80px;\n }\n<\/style>\n<div class=\"form-row\">\n\t<div>\n\t\t<p><label> Nombre*<br \/>\n<span class=\"wpcf7-form-control-wrap\" data-name=\"your-name\"><input size=\"40\" maxlength=\"400\" class=\"wpcf7-form-control wpcf7-text wpcf7-validates-as-required\" aria-required=\"true\" aria-invalid=\"false\" value=\"\" type=\"text\" name=\"your-name\" \/><\/span><br \/>\n<\/label>\n\t\t<\/p>\n\t<\/div>\n\t<div>\n\t\t<p><label> Apellidos*<br \/>\n<span class=\"wpcf7-form-control-wrap\" data-name=\"your-surname\"><input size=\"40\" maxlength=\"400\" class=\"wpcf7-form-control wpcf7-text wpcf7-validates-as-required\" aria-required=\"true\" aria-invalid=\"false\" value=\"\" type=\"text\" name=\"your-surname\" \/><\/span><br \/>\n<\/label>\n\t\t<\/p>\n\t<\/div>\n<\/div>\n<div class=\"email-phone\">\n\t<div>\n\t\t<p><label> Correo electr\u00f3nico*<br \/>\n<span class=\"wpcf7-form-control-wrap\" data-name=\"your-email\"><input size=\"40\" maxlength=\"400\" class=\"wpcf7-form-control wpcf7-email wpcf7-validates-as-required wpcf7-text wpcf7-validates-as-email\" aria-required=\"true\" aria-invalid=\"false\" value=\"\" type=\"email\" name=\"your-email\" \/><\/span><br \/>\n<\/label>\n\t\t<\/p>\n\t<\/div>\n\t<div>\n\t\t<p><label> Tel\u00e9fono*<br \/>\n<span class=\"wpcf7-form-control-wrap\" data-name=\"your-phone\"><input size=\"40\" maxlength=\"9\" class=\"wpcf7-form-control wpcf7-tel wpcf7-validates-as-required wpcf7-text wpcf7-validates-as-tel\" aria-required=\"true\" aria-invalid=\"false\" value=\"\" type=\"tel\" name=\"your-phone\" \/><\/span><br \/>\n<\/label>\n\t\t<\/p>\n\t<\/div>\n<\/div>\n<div class=\"province-postal\">\n\t<div>\n\t\t<p><label> Provincia*<br \/>\n<span class=\"wpcf7-form-control-wrap\" data-name=\"your-province\"><select class=\"wpcf7-form-control wpcf7-select wpcf7-validates-as-required\" aria-required=\"true\" aria-invalid=\"false\" name=\"your-province\"><option value=\"\">&#8212;Por favor, elige una opci\u00f3n&#8212;<\/option><option value=\"\u00c1lava\">\u00c1lava<\/option><option value=\"Albacete\">Albacete<\/option><option value=\"Alicante\">Alicante<\/option><option value=\"Almer\u00eda\">Almer\u00eda<\/option><option value=\"Asturias\">Asturias<\/option><option value=\"\u00c1vila\">\u00c1vila<\/option><option value=\"Badajoz\">Badajoz<\/option><option value=\"Baleares\">Baleares<\/option><option value=\"Barcelona\">Barcelona<\/option><option value=\"Burgos\">Burgos<\/option><option value=\"C\u00e1ceres\">C\u00e1ceres<\/option><option value=\"C\u00e1diz\">C\u00e1diz<\/option><option value=\"Cantabria\">Cantabria<\/option><option value=\"Castell\u00f3n\">Castell\u00f3n<\/option><option value=\"Ciudad Real\">Ciudad Real<\/option><option value=\"C\u00f3rdoba\">C\u00f3rdoba<\/option><option value=\"Cuenca\">Cuenca<\/option><option value=\"Girona\">Girona<\/option><option value=\"Granada\">Granada<\/option><option value=\"Guadalajara\">Guadalajara<\/option><option value=\"Guip\u00fazcoa\">Guip\u00fazcoa<\/option><option value=\"Huelva\">Huelva<\/option><option value=\"Huesca\">Huesca<\/option><option value=\"Ja\u00e9n\">Ja\u00e9n<\/option><option value=\"La Coru\u00f1a\">La Coru\u00f1a<\/option><option value=\"La Rioja\">La Rioja<\/option><option value=\"Las Palmas\">Las Palmas<\/option><option value=\"Le\u00f3n\">Le\u00f3n<\/option><option value=\"Lleida\">Lleida<\/option><option value=\"Lugo\">Lugo<\/option><option value=\"Madrid\">Madrid<\/option><option value=\"M\u00e1laga\">M\u00e1laga<\/option><option value=\"Murcia\">Murcia<\/option><option value=\"Navarra\">Navarra<\/option><option value=\"Orense\">Orense<\/option><option value=\"Palencia\">Palencia<\/option><option value=\"Pontevedra\">Pontevedra<\/option><option value=\"Salamanca\">Salamanca<\/option><option value=\"Segovia\">Segovia<\/option><option value=\"Sevilla\">Sevilla<\/option><option value=\"Soria\">Soria<\/option><option value=\"Tarragona\">Tarragona<\/option><option value=\"Tenerife\">Tenerife<\/option><option value=\"Teruel\">Teruel<\/option><option value=\"Toledo\">Toledo<\/option><option value=\"Valencia\">Valencia<\/option><option value=\"Valladolid\">Valladolid<\/option><option value=\"Vizcaya\">Vizcaya<\/option><option value=\"Zamora\">Zamora<\/option><option value=\"Zaragoza\">Zaragoza<\/option><option value=\"Ceuta\">Ceuta<\/option><option value=\"Melilla\">Melilla<\/option><\/select><\/span><br \/>\n<\/label>\n\t\t<\/p>\n\t<\/div>\n\t<div>\n\t\t<p><label> C\u00f3digo Postal (*)<br \/>\n<span class=\"wpcf7-form-control-wrap\" data-name=\"postal-code\"><input size=\"40\" maxlength=\"400\" class=\"wpcf7-form-control wpcf7-text wpcf7-validates-as-required\" aria-required=\"true\" aria-invalid=\"false\" value=\"\" type=\"text\" name=\"postal-code\" \/><\/span><br \/>\n<\/label>\n\t\t<\/p>\n\t<\/div>\n<\/div>\n<div class=\"form-row\">\n\t<div>\n\t\t<p><label> Marca *<br \/>\n<span class=\"wpcf7-form-control-wrap\" data-name=\"marca\"><select class=\"wpcf7-form-control wpcf7-select wpcf7-validates-as-required\" aria-required=\"true\" aria-invalid=\"false\" name=\"marca\"><option value=\"LIVAN\">LIVAN<\/option><\/select><\/span><br \/>\n<\/label>\n\t\t<\/p>\n\t<\/div>\n\t<div>\n\t\t<p><label> Selecciona modelo *<br \/>\n<span class=\"wpcf7-form-control-wrap\" data-name=\"your-model\"><select class=\"wpcf7-form-control wpcf7-select wpcf7-validates-as-required\" aria-required=\"true\" aria-invalid=\"false\" name=\"your-model\"><option value=\"X3 Pro\">X3 Pro<\/option><option value=\"X6 Pro\">X6 Pro<\/option><\/select><\/span><br \/>\n<\/label>\n\t\t<\/p>\n\t<\/div>\n<\/div>\n<p><label> Mensaje<br \/>\n<span class=\"wpcf7-form-control-wrap\" data-name=\"your-message\"><textarea cols=\"40\" rows=\"10\" maxlength=\"2000\" class=\"wpcf7-form-control wpcf7-textarea\" aria-invalid=\"false\" name=\"your-message\"><\/textarea><\/span><br \/>\n<\/label>\n<\/p>\n<p><input class=\"wpcf7-form-control wpcf7-submit has-spinner\" type=\"submit\" value=\"Enviar\" \/>\n<\/p><div class=\"wpcf7-response-output\" aria-hidden=\"true\"><\/div>\n<\/form>\n<\/div>\n\t\t\t\t<\/div>\n\t\t\t\t<\/div>\n\t\t\t\t\t<\/div>\n\t\t\t\t<\/div>\n\t\t<div class=\"elementor-element elementor-element-6ef0751 e-flex e-con-boxed e-con e-parent\" data-id=\"6ef0751\" data-element_type=\"container\" data-settings=\"{&quot;_ha_eqh_enable&quot;:false}\">\n\t\t\t\t\t<div class=\"e-con-inner\">\n\t\t<div class=\"elementor-element elementor-element-dd70556 e-con-full e-flex e-con e-child\" data-id=\"dd70556\" data-element_type=\"container\" data-settings=\"{&quot;_ha_eqh_enable&quot;:false}\">\n\t\t\t\t<div class=\"elementor-element elementor-element-8f7242c elementor-widget elementor-widget-heading\" data-id=\"8f7242c\" data-element_type=\"widget\" data-widget_type=\"heading.default\">\n\t\t\t\t<div class=\"elementor-widget-container\">\n\t\t\t\t\t<h2 class=\"elementor-heading-title elementor-size-default\">Contacto v\u00eda e-mail<\/h2>\t\t\t\t<\/div>\n\t\t\t\t<\/div>\n\t\t\t\t<div class=\"elementor-element elementor-element-9e729b9 elementor-widget elementor-widget-text-editor\" data-id=\"9e729b9\" data-element_type=\"widget\" data-widget_type=\"text-editor.default\">\n\t\t\t\t<div class=\"elementor-widget-container\">\n\t\t\t\t\t\t\t\t\t<p>Para cualquier consulta, no dudes en contactarnos a trav\u00e9s de nuestro correo electr\u00f3nico: <strong><a target=\"_new\" rel=\"noreferrer\">info@grupoinvicta.es<\/a><\/strong><\/p><p>\u00a1Estamos aqu\u00ed para ayudarte!<\/p>\t\t\t\t\t\t\t\t<\/div>\n\t\t\t\t<\/div>\n\t\t\t\t<\/div>\n\t\t<div class=\"elementor-element elementor-element-5ac24e0 e-con-full e-flex e-con e-child\" data-id=\"5ac24e0\" data-element_type=\"container\" data-settings=\"{&quot;_ha_eqh_enable&quot;:false}\">\n\t\t\t\t<div class=\"elementor-element elementor-element-34d4440 elementor-widget elementor-widget-image\" data-id=\"34d4440\" data-element_type=\"widget\" data-widget_type=\"image.default\">\n\t\t\t\t<div class=\"elementor-widget-container\">\n\t\t\t\t\t\t\t\t\t\t\t\t\t\t\t<img decoding=\"async\" width=\"700\" height=\"467\" src=\"https:\/\/livantest.difadi.net\/wp-content\/uploads\/2024\/05\/close-up-hands-holding-smartphone.jpg\" class=\"attachment-large size-large wp-image-147\" alt=\"\" srcset=\"https:\/\/livantest.difadi.net\/wp-content\/uploads\/2024\/05\/close-up-hands-holding-smartphone.jpg 700w, https:\/\/livantest.difadi.net\/wp-content\/uploads\/2024\/05\/close-up-hands-holding-smartphone-300x200.jpg 300w\" sizes=\"(max-width: 700px) 100vw, 700px\" \/>\t\t\t\t\t\t\t\t\t\t\t\t\t\t\t<\/div>\n\t\t\t\t<\/div>\n\t\t\t\t<\/div>\n\t\t\t\t\t<\/div>\n\t\t\t\t<\/div>\n\t\t\t\t<\/div>\n\t\t","protected":false},"excerpt":{"rendered":"<p>Contacto Tel\u00e9fono gratuito de Atenci\u00f3n al Cliente En Livan, estamos comprometidos a brindarte una atenci\u00f3n al cliente excepcional. Tu satisfacci\u00f3n es nuestra prioridad. Llama al 910 887 979 y contacta con nuestro equipo. Nombre* Apellidos* Correo electr\u00f3nico* Tel\u00e9fono* Provincia* &#8212;Por favor, elige una opci\u00f3n&#8212;\u00c1lavaAlbaceteAlicanteAlmer\u00edaAsturias\u00c1vilaBadajozBalearesBarcelonaBurgosC\u00e1ceresC\u00e1dizCantabriaCastell\u00f3nCiudad RealC\u00f3rdobaCuencaGironaGranadaGuadalajaraGuip\u00fazcoaHuelvaHuescaJa\u00e9nLa Coru\u00f1aLa RiojaLas PalmasLe\u00f3nLleidaLugoMadridM\u00e1lagaMurciaNavarraOrensePalenciaPontevedraSalamancaSegoviaSevillaSoriaTarragonaTenerifeTeruelToledoValenciaValladolidVizcayaZamoraZaragozaCeutaMelilla C\u00f3digo Postal (*) Marca * LIVAN Selecciona [&hellip;]<\/p>\n","protected":false},"author":2,"featured_media":0,"parent":0,"menu_order":0,"comment_status":"closed","ping_status":"closed","template":"","meta":{"footnotes":""},"class_list":["post-108","page","type-page","status-publish","hentry","entry"],"yoast_head":"<!-- This site is optimized with the Yoast SEO plugin v24.8.1 - https:\/\/yoast.com\/wordpress\/plugins\/seo\/ -->\n<title>Contacto - livanauto<\/title>\n<meta name=\"description\" content=\"Nuestra p\u00e1gina de contacto. Rellena el formulario y nuestro equipo de atenci\u00f3n se podr\u00e1 en contacto contigo en lo m\u00e1s breve posible.\" \/>\n<meta name=\"robots\" content=\"noindex, follow, max-snippet:-1, max-image-preview:large, max-video-preview:-1\" \/>\n<meta property=\"og:locale\" content=\"es_ES\" \/>\n<meta property=\"og:type\" content=\"article\" \/>\n<meta property=\"og:title\" content=\"Contacto - livanauto\" \/>\n<meta property=\"og:description\" content=\"Nuestra p\u00e1gina de contacto. Rellena el formulario y nuestro equipo de atenci\u00f3n se podr\u00e1 en contacto contigo en lo m\u00e1s breve posible.\" \/>\n<meta property=\"og:url\" content=\"https:\/\/livantest.difadi.net\/?page_id=108\" \/>\n<meta property=\"og:site_name\" content=\"livanauto\" \/>\n<meta property=\"article:modified_time\" content=\"2025-03-05T17:00:04+00:00\" \/>\n<meta property=\"og:image\" content=\"https:\/\/livantest.difadi.net\/wp-content\/uploads\/2024\/05\/atencion-cliente.jpg\" \/>\n<meta name=\"twitter:card\" content=\"summary_large_image\" \/>\n<meta name=\"twitter:label1\" content=\"Tiempo de lectura\" \/>\n\t<meta name=\"twitter:data1\" content=\"2 minutos\" \/>\n<script type=\"application\/ld+json\" class=\"yoast-schema-graph\">{\"@context\":\"https:\/\/schema.org\",\"@graph\":[{\"@type\":\"WebPage\",\"@id\":\"https:\/\/livantest.difadi.net\/?page_id=108\",\"url\":\"https:\/\/livantest.difadi.net\/?page_id=108\",\"name\":\"Contacto - livanauto\",\"isPartOf\":{\"@id\":\"https:\/\/livantest.difadi.net\/#website\"},\"primaryImageOfPage\":{\"@id\":\"https:\/\/livantest.difadi.net\/?page_id=108#primaryimage\"},\"image\":{\"@id\":\"https:\/\/livantest.difadi.net\/?page_id=108#primaryimage\"},\"thumbnailUrl\":\"https:\/\/livantest.difadi.net\/wp-content\/uploads\/2024\/05\/atencion-cliente.jpg\",\"datePublished\":\"2024-05-16T15:44:09+00:00\",\"dateModified\":\"2025-03-05T17:00:04+00:00\",\"description\":\"Nuestra p\u00e1gina de contacto. Rellena el formulario y nuestro equipo de atenci\u00f3n se podr\u00e1 en contacto contigo en lo m\u00e1s breve posible.\",\"breadcrumb\":{\"@id\":\"https:\/\/livantest.difadi.net\/?page_id=108#breadcrumb\"},\"inLanguage\":\"es\",\"potentialAction\":[{\"@type\":\"ReadAction\",\"target\":[\"https:\/\/livantest.difadi.net\/?page_id=108\"]}]},{\"@type\":\"ImageObject\",\"inLanguage\":\"es\",\"@id\":\"https:\/\/livantest.difadi.net\/?page_id=108#primaryimage\",\"url\":\"https:\/\/livantest.difadi.net\/wp-content\/uploads\/2024\/05\/atencion-cliente.jpg\",\"contentUrl\":\"https:\/\/livantest.difadi.net\/wp-content\/uploads\/2024\/05\/atencion-cliente.jpg\",\"width\":700,\"height\":467},{\"@type\":\"BreadcrumbList\",\"@id\":\"https:\/\/livantest.difadi.net\/?page_id=108#breadcrumb\",\"itemListElement\":[{\"@type\":\"ListItem\",\"position\":1,\"name\":\"Portada\",\"item\":\"https:\/\/livantest.difadi.net\/\"},{\"@type\":\"ListItem\",\"position\":2,\"name\":\"Contacto\"}]},{\"@type\":\"WebSite\",\"@id\":\"https:\/\/livantest.difadi.net\/#website\",\"url\":\"https:\/\/livantest.difadi.net\/\",\"name\":\"livanauto\",\"description\":\"Just another WordPress site\",\"publisher\":{\"@id\":\"https:\/\/livantest.difadi.net\/#organization\"},\"potentialAction\":[{\"@type\":\"SearchAction\",\"target\":{\"@type\":\"EntryPoint\",\"urlTemplate\":\"https:\/\/livantest.difadi.net\/?s={search_term_string}\"},\"query-input\":{\"@type\":\"PropertyValueSpecification\",\"valueRequired\":true,\"valueName\":\"search_term_string\"}}],\"inLanguage\":\"es\"},{\"@type\":\"Organization\",\"@id\":\"https:\/\/livantest.difadi.net\/#organization\",\"name\":\"livanauto\",\"url\":\"https:\/\/livantest.difadi.net\/\",\"logo\":{\"@type\":\"ImageObject\",\"inLanguage\":\"es\",\"@id\":\"https:\/\/livantest.difadi.net\/#\/schema\/logo\/image\/\",\"url\":\"https:\/\/livantest.difadi.net\/wp-content\/uploads\/2024\/05\/cropped-Livan-logitpo.png\",\"contentUrl\":\"https:\/\/livantest.difadi.net\/wp-content\/uploads\/2024\/05\/cropped-Livan-logitpo.png\",\"width\":164,\"height\":58,\"caption\":\"livanauto\"},\"image\":{\"@id\":\"https:\/\/livantest.difadi.net\/#\/schema\/logo\/image\/\"}}]}<\/script>\n<!-- \/ Yoast SEO plugin. -->","yoast_head_json":{"title":"Contacto - livanauto","description":"Nuestra p\u00e1gina de contacto. Rellena el formulario y nuestro equipo de atenci\u00f3n se podr\u00e1 en contacto contigo en lo m\u00e1s breve posible.","robots":{"index":"noindex","follow":"follow","max-snippet":"max-snippet:-1","max-image-preview":"max-image-preview:large","max-video-preview":"max-video-preview:-1"},"og_locale":"es_ES","og_type":"article","og_title":"Contacto - livanauto","og_description":"Nuestra p\u00e1gina de contacto. Rellena el formulario y nuestro equipo de atenci\u00f3n se podr\u00e1 en contacto contigo en lo m\u00e1s breve posible.","og_url":"https:\/\/livantest.difadi.net\/?page_id=108","og_site_name":"livanauto","article_modified_time":"2025-03-05T17:00:04+00:00","og_image":[{"url":"https:\/\/livantest.difadi.net\/wp-content\/uploads\/2024\/05\/atencion-cliente.jpg","type":"","width":"","height":""}],"twitter_card":"summary_large_image","twitter_misc":{"Tiempo de lectura":"2 minutos"},"schema":{"@context":"https:\/\/schema.org","@graph":[{"@type":"WebPage","@id":"https:\/\/livantest.difadi.net\/?page_id=108","url":"https:\/\/livantest.difadi.net\/?page_id=108","name":"Contacto - livanauto","isPartOf":{"@id":"https:\/\/livantest.difadi.net\/#website"},"primaryImageOfPage":{"@id":"https:\/\/livantest.difadi.net\/?page_id=108#primaryimage"},"image":{"@id":"https:\/\/livantest.difadi.net\/?page_id=108#primaryimage"},"thumbnailUrl":"https:\/\/livantest.difadi.net\/wp-content\/uploads\/2024\/05\/atencion-cliente.jpg","datePublished":"2024-05-16T15:44:09+00:00","dateModified":"2025-03-05T17:00:04+00:00","description":"Nuestra p\u00e1gina de contacto. Rellena el formulario y nuestro equipo de atenci\u00f3n se podr\u00e1 en contacto contigo en lo m\u00e1s breve posible.","breadcrumb":{"@id":"https:\/\/livantest.difadi.net\/?page_id=108#breadcrumb"},"inLanguage":"es","potentialAction":[{"@type":"ReadAction","target":["https:\/\/livantest.difadi.net\/?page_id=108"]}]},{"@type":"ImageObject","inLanguage":"es","@id":"https:\/\/livantest.difadi.net\/?page_id=108#primaryimage","url":"https:\/\/livantest.difadi.net\/wp-content\/uploads\/2024\/05\/atencion-cliente.jpg","contentUrl":"https:\/\/livantest.difadi.net\/wp-content\/uploads\/2024\/05\/atencion-cliente.jpg","width":700,"height":467},{"@type":"BreadcrumbList","@id":"https:\/\/livantest.difadi.net\/?page_id=108#breadcrumb","itemListElement":[{"@type":"ListItem","position":1,"name":"Portada","item":"https:\/\/livantest.difadi.net\/"},{"@type":"ListItem","position":2,"name":"Contacto"}]},{"@type":"WebSite","@id":"https:\/\/livantest.difadi.net\/#website","url":"https:\/\/livantest.difadi.net\/","name":"livanauto","description":"Just another WordPress site","publisher":{"@id":"https:\/\/livantest.difadi.net\/#organization"},"potentialAction":[{"@type":"SearchAction","target":{"@type":"EntryPoint","urlTemplate":"https:\/\/livantest.difadi.net\/?s={search_term_string}"},"query-input":{"@type":"PropertyValueSpecification","valueRequired":true,"valueName":"search_term_string"}}],"inLanguage":"es"},{"@type":"Organization","@id":"https:\/\/livantest.difadi.net\/#organization","name":"livanauto","url":"https:\/\/livantest.difadi.net\/","logo":{"@type":"ImageObject","inLanguage":"es","@id":"https:\/\/livantest.difadi.net\/#\/schema\/logo\/image\/","url":"https:\/\/livantest.difadi.net\/wp-content\/uploads\/2024\/05\/cropped-Livan-logitpo.png","contentUrl":"https:\/\/livantest.difadi.net\/wp-content\/uploads\/2024\/05\/cropped-Livan-logitpo.png","width":164,"height":58,"caption":"livanauto"},"image":{"@id":"https:\/\/livantest.difadi.net\/#\/schema\/logo\/image\/"}}]}},"_links":{"self":[{"href":"https:\/\/livantest.difadi.net\/index.php?rest_route=\/wp\/v2\/pages\/108","targetHints":{"allow":["GET"]}}],"collection":[{"href":"https:\/\/livantest.difadi.net\/index.php?rest_route=\/wp\/v2\/pages"}],"about":[{"href":"https:\/\/livantest.difadi.net\/index.php?rest_route=\/wp\/v2\/types\/page"}],"author":[{"embeddable":true,"href":"https:\/\/livantest.difadi.net\/index.php?rest_route=\/wp\/v2\/users\/2"}],"replies":[{"embeddable":true,"href":"https:\/\/livantest.difadi.net\/index.php?rest_route=%2Fwp%2Fv2%2Fcomments&post=108"}],"version-history":[{"count":37,"href":"https:\/\/livantest.difadi.net\/index.php?rest_route=\/wp\/v2\/pages\/108\/revisions"}],"predecessor-version":[{"id":1444,"href":"https:\/\/livantest.difadi.net\/index.php?rest_route=\/wp\/v2\/pages\/108\/revisions\/1444"}],"wp:attachment":[{"href":"https:\/\/livantest.difadi.net\/index.php?rest_route=%2Fwp%2Fv2%2Fmedia&parent=108"}],"curies":[{"name":"wp","href":"https:\/\/api.w.org\/{rel}","templated":true}]}}