{"id":1313,"date":"2025-03-05T07:15:46","date_gmt":"2025-03-05T07:15:46","guid":{"rendered":"https:\/\/livantest.difadi.net\/?page_id=1313"},"modified":"2025-03-05T07:26:48","modified_gmt":"2025-03-05T07:26:48","slug":"manuales-de-usuario","status":"publish","type":"page","link":"https:\/\/livantest.difadi.net\/?page_id=1313","title":{"rendered":"Manuales de usuario"},"content":{"rendered":"\t\t<div data-elementor-type=\"wp-page\" data-elementor-id=\"1313\" class=\"elementor elementor-1313\" data-elementor-settings=\"{&quot;ha_cmc_init_switcher&quot;:&quot;no&quot;}\" data-elementor-post-type=\"page\">\n\t\t\t\t<div class=\"elementor-element elementor-element-7d2095b e-flex e-con-boxed e-con e-parent\" data-id=\"7d2095b\" data-element_type=\"container\" data-settings=\"{&quot;background_background&quot;:&quot;classic&quot;,&quot;_ha_eqh_enable&quot;:false}\">\n\t\t\t\t\t<div class=\"e-con-inner\">\n\t\t\t\t<div class=\"elementor-element elementor-element-411c0d3 elementor-widget elementor-widget-heading\" data-id=\"411c0d3\" data-element_type=\"widget\" data-widget_type=\"heading.default\">\n\t\t\t\t<div class=\"elementor-widget-container\">\n\t\t\t\t\t<h2 class=\"elementor-heading-title elementor-size-default\">Manuales de usuario<\/h2>\t\t\t\t<\/div>\n\t\t\t\t<\/div>\n\t\t\t\t\t<\/div>\n\t\t\t\t<\/div>\n\t\t<div class=\"elementor-element elementor-element-2b08bab e-flex e-con-boxed e-con e-parent\" data-id=\"2b08bab\" data-element_type=\"container\" data-settings=\"{&quot;_ha_eqh_enable&quot;:false}\">\n\t\t\t\t\t<div class=\"e-con-inner\">\n\t\t\t\t<div class=\"elementor-element elementor-element-16d7ca6 elementor-widget elementor-widget-text-editor\" data-id=\"16d7ca6\" data-element_type=\"widget\" data-widget_type=\"text-editor.default\">\n\t\t\t\t<div class=\"elementor-widget-container\">\n\t\t\t\t\t\t\t\t\t<p>Los manuales de usuario de Livan est\u00e1n dise\u00f1ados para proporcionarte instrucciones claras y precisas sobre el funcionamiento, mantenimiento y caracter\u00edsticas avanzadas de tu autom\u00f3vil. Descubre c\u00f3mo optimizar tu experiencia de conducci\u00f3n con los recursos que hemos preparado especialmente para ti.<\/p>\t\t\t\t\t\t\t\t<\/div>\n\t\t\t\t<\/div>\n\t\t\t\t\t<\/div>\n\t\t\t\t<\/div>\n\t\t<div class=\"elementor-element elementor-element-2f0c201 e-flex e-con-boxed e-con e-parent\" data-id=\"2f0c201\" data-element_type=\"container\" data-settings=\"{&quot;_ha_eqh_enable&quot;:false}\">\n\t\t\t\t\t<div class=\"e-con-inner\">\n\t\t<div class=\"elementor-element elementor-element-606b4cb e-con-full e-flex e-con e-child\" data-id=\"606b4cb\" data-element_type=\"container\" data-settings=\"{&quot;_ha_eqh_enable&quot;:false}\">\n\t\t\t\t<div class=\"elementor-element elementor-element-ea3171a ha-css-transform-yes elementor-widget elementor-widget-image\" data-id=\"ea3171a\" data-element_type=\"widget\" data-widget_type=\"image.default\">\n\t\t\t\t<div class=\"elementor-widget-container\">\n\t\t\t\t\t\t\t\t\t\t\t\t\t\t\t<img fetchpriority=\"high\" decoding=\"async\" width=\"1024\" height=\"494\" src=\"https:\/\/livantest.difadi.net\/wp-content\/uploads\/2024\/08\/LIVAN_X3-02-3-1024x494.jpg\" class=\"attachment-large size-large wp-image-727\" alt=\"\" srcset=\"https:\/\/livantest.difadi.net\/wp-content\/uploads\/2024\/08\/LIVAN_X3-02-3-1024x494.jpg 1024w, https:\/\/livantest.difadi.net\/wp-content\/uploads\/2024\/08\/LIVAN_X3-02-3-300x145.jpg 300w, https:\/\/livantest.difadi.net\/wp-content\/uploads\/2024\/08\/LIVAN_X3-02-3-768x370.jpg 768w, https:\/\/livantest.difadi.net\/wp-content\/uploads\/2024\/08\/LIVAN_X3-02-3-1536x741.jpg 1536w, https:\/\/livantest.difadi.net\/wp-content\/uploads\/2024\/08\/LIVAN_X3-02-3-2048x988.jpg 2048w\" sizes=\"(max-width: 1024px) 100vw, 1024px\" \/>\t\t\t\t\t\t\t\t\t\t\t\t\t\t\t<\/div>\n\t\t\t\t<\/div>\n\t\t\t\t<div class=\"elementor-element elementor-element-00e8b3e elementor-widget elementor-widget-heading\" data-id=\"00e8b3e\" data-element_type=\"widget\" data-widget_type=\"heading.default\">\n\t\t\t\t<div class=\"elementor-widget-container\">\n\t\t\t\t\t<h3 class=\"elementor-heading-title elementor-size-default\">X3 Pro<\/h3>\t\t\t\t<\/div>\n\t\t\t\t<\/div>\n\t\t\t\t<div class=\"elementor-element elementor-element-80ac5b4 elementor-align-center elementor-widget elementor-widget-button\" data-id=\"80ac5b4\" data-element_type=\"widget\" data-widget_type=\"button.default\">\n\t\t\t\t<div class=\"elementor-widget-container\">\n\t\t\t\t\t\t\t\t\t<div class=\"elementor-button-wrapper\">\n\t\t\t\t\t<a class=\"elementor-button elementor-button-link elementor-size-sm elementor-animation-grow\" href=\"https:\/\/heyzine.com\/flip-book\/bab740df4c.html\" target=\"_blank\">\n\t\t\t\t\t\t<span class=\"elementor-button-content-wrapper\">\n\t\t\t\t\t\t\t\t\t<span class=\"elementor-button-text\">Manual de usuario<\/span>\n\t\t\t\t\t<\/span>\n\t\t\t\t\t<\/a>\n\t\t\t\t<\/div>\n\t\t\t\t\t\t\t\t<\/div>\n\t\t\t\t<\/div>\n\t\t\t\t<div class=\"elementor-element elementor-element-58a4772 elementor-align-center elementor-widget elementor-widget-button\" data-id=\"58a4772\" data-element_type=\"widget\" data-widget_type=\"button.default\">\n\t\t\t\t<div class=\"elementor-widget-container\">\n\t\t\t\t\t\t\t\t\t<div class=\"elementor-button-wrapper\">\n\t\t\t\t\t<a class=\"elementor-button elementor-button-link elementor-size-sm elementor-animation-grow\" href=\"https:\/\/heyzine.com\/flip-book\/72cbd014ea.html\" target=\"_blank\">\n\t\t\t\t\t\t<span class=\"elementor-button-content-wrapper\">\n\t\t\t\t\t\t\t\t\t<span class=\"elementor-button-text\">Cat\u00e1logo<\/span>\n\t\t\t\t\t<\/span>\n\t\t\t\t\t<\/a>\n\t\t\t\t<\/div>\n\t\t\t\t\t\t\t\t<\/div>\n\t\t\t\t<\/div>\n\t\t\t\t<\/div>\n\t\t<div class=\"elementor-element elementor-element-644f9a5 e-con-full e-flex e-con e-child\" data-id=\"644f9a5\" data-element_type=\"container\" data-settings=\"{&quot;_ha_eqh_enable&quot;:false}\">\n\t\t\t\t<div class=\"elementor-element elementor-element-b8351ad ha-css-transform-yes elementor-widget elementor-widget-image\" data-id=\"b8351ad\" data-element_type=\"widget\" data-widget_type=\"image.default\">\n\t\t\t\t<div class=\"elementor-widget-container\">\n\t\t\t\t\t\t\t\t\t\t\t\t\t\t\t<img decoding=\"async\" width=\"1024\" height=\"494\" src=\"https:\/\/livantest.difadi.net\/wp-content\/uploads\/2024\/08\/LIVAN_X6-02-1024x494.jpg\" class=\"attachment-large size-large wp-image-728\" alt=\"\" srcset=\"https:\/\/livantest.difadi.net\/wp-content\/uploads\/2024\/08\/LIVAN_X6-02-1024x494.jpg 1024w, https:\/\/livantest.difadi.net\/wp-content\/uploads\/2024\/08\/LIVAN_X6-02-300x145.jpg 300w, https:\/\/livantest.difadi.net\/wp-content\/uploads\/2024\/08\/LIVAN_X6-02-768x370.jpg 768w, https:\/\/livantest.difadi.net\/wp-content\/uploads\/2024\/08\/LIVAN_X6-02-1536x741.jpg 1536w, https:\/\/livantest.difadi.net\/wp-content\/uploads\/2024\/08\/LIVAN_X6-02-2048x988.jpg 2048w\" sizes=\"(max-width: 1024px) 100vw, 1024px\" \/>\t\t\t\t\t\t\t\t\t\t\t\t\t\t\t<\/div>\n\t\t\t\t<\/div>\n\t\t\t\t<div class=\"elementor-element elementor-element-1430fdb elementor-widget elementor-widget-heading\" data-id=\"1430fdb\" data-element_type=\"widget\" data-widget_type=\"heading.default\">\n\t\t\t\t<div class=\"elementor-widget-container\">\n\t\t\t\t\t<h3 class=\"elementor-heading-title elementor-size-default\">X6 Pro<\/h3>\t\t\t\t<\/div>\n\t\t\t\t<\/div>\n\t\t\t\t<div class=\"elementor-element elementor-element-9a1fb3d elementor-align-center elementor-widget elementor-widget-button\" data-id=\"9a1fb3d\" data-element_type=\"widget\" data-widget_type=\"button.default\">\n\t\t\t\t<div class=\"elementor-widget-container\">\n\t\t\t\t\t\t\t\t\t<div class=\"elementor-button-wrapper\">\n\t\t\t\t\t<a class=\"elementor-button elementor-button-link elementor-size-sm\" href=\"#\">\n\t\t\t\t\t\t<span class=\"elementor-button-content-wrapper\">\n\t\t\t\t\t\t\t\t\t<span class=\"elementor-button-text\">Manual de usuario<\/span>\n\t\t\t\t\t<\/span>\n\t\t\t\t\t<\/a>\n\t\t\t\t<\/div>\n\t\t\t\t\t\t\t\t<\/div>\n\t\t\t\t<\/div>\n\t\t\t\t<div class=\"elementor-element elementor-element-a06a9f0 elementor-align-center elementor-widget elementor-widget-button\" data-id=\"a06a9f0\" data-element_type=\"widget\" data-widget_type=\"button.default\">\n\t\t\t\t<div class=\"elementor-widget-container\">\n\t\t\t\t\t\t\t\t\t<div class=\"elementor-button-wrapper\">\n\t\t\t\t\t<a class=\"elementor-button elementor-size-sm elementor-animation-grow\" role=\"button\">\n\t\t\t\t\t\t<span class=\"elementor-button-content-wrapper\">\n\t\t\t\t\t\t\t\t\t<span class=\"elementor-button-text\">Cat\u00e1logo<\/span>\n\t\t\t\t\t<\/span>\n\t\t\t\t\t<\/a>\n\t\t\t\t<\/div>\n\t\t\t\t\t\t\t\t<\/div>\n\t\t\t\t<\/div>\n\t\t\t\t<\/div>\n\t\t\t\t\t<\/div>\n\t\t\t\t<\/div>\n\t\t\t\t<\/div>\n\t\t","protected":false},"excerpt":{"rendered":"<p>Manuales de usuario Los manuales de usuario de Livan est\u00e1n dise\u00f1ados para proporcionarte instrucciones claras y precisas sobre el funcionamiento, mantenimiento y caracter\u00edsticas avanzadas de tu autom\u00f3vil. Descubre c\u00f3mo optimizar tu experiencia de conducci\u00f3n con los recursos que hemos preparado especialmente para ti. X3 Pro Manual de usuario Cat\u00e1logo X6 Pro Manual de usuario Cat\u00e1logo<\/p>\n","protected":false},"author":2,"featured_media":0,"parent":0,"menu_order":0,"comment_status":"closed","ping_status":"closed","template":"","meta":{"footnotes":""},"class_list":["post-1313","page","type-page","status-publish","hentry","entry"],"yoast_head":"<!-- This site is optimized with the Yoast SEO plugin v24.8.1 - https:\/\/yoast.com\/wordpress\/plugins\/seo\/ -->\n<title>Manuales de usuario - livanauto<\/title>\n<meta name=\"description\" content=\"Conoce los manuales de usuario de la gama de veh\u00edculos Livan. El funcionamiento de todos los apartados de cada uno de los coches.\" \/>\n<meta name=\"robots\" content=\"noindex, follow, max-snippet:-1, max-image-preview:large, max-video-preview:-1\" \/>\n<meta property=\"og:locale\" content=\"es_ES\" \/>\n<meta property=\"og:type\" content=\"article\" \/>\n<meta property=\"og:title\" content=\"Manuales de usuario - livanauto\" \/>\n<meta property=\"og:description\" content=\"Conoce los manuales de usuario de la gama de veh\u00edculos Livan. El funcionamiento de todos los apartados de cada uno de los coches.\" \/>\n<meta property=\"og:url\" content=\"https:\/\/livantest.difadi.net\/?page_id=1313\" \/>\n<meta property=\"og:site_name\" content=\"livanauto\" \/>\n<meta property=\"article:modified_time\" content=\"2025-03-05T07:26:48+00:00\" \/>\n<meta property=\"og:image\" content=\"https:\/\/livantest.difadi.net\/wp-content\/uploads\/2024\/08\/LIVAN_X3-02-3-1024x494.jpg\" \/>\n<meta name=\"twitter:card\" content=\"summary_large_image\" \/>\n<meta name=\"twitter:label1\" content=\"Tiempo de lectura\" \/>\n\t<meta name=\"twitter:data1\" content=\"1 minuto\" \/>\n<script type=\"application\/ld+json\" class=\"yoast-schema-graph\">{\"@context\":\"https:\/\/schema.org\",\"@graph\":[{\"@type\":\"WebPage\",\"@id\":\"https:\/\/livantest.difadi.net\/?page_id=1313\",\"url\":\"https:\/\/livantest.difadi.net\/?page_id=1313\",\"name\":\"Manuales de usuario - livanauto\",\"isPartOf\":{\"@id\":\"https:\/\/livantest.difadi.net\/#website\"},\"primaryImageOfPage\":{\"@id\":\"https:\/\/livantest.difadi.net\/?page_id=1313#primaryimage\"},\"image\":{\"@id\":\"https:\/\/livantest.difadi.net\/?page_id=1313#primaryimage\"},\"thumbnailUrl\":\"https:\/\/livantest.difadi.net\/wp-content\/uploads\/2024\/08\/LIVAN_X3-02-3-1024x494.jpg\",\"datePublished\":\"2025-03-05T07:15:46+00:00\",\"dateModified\":\"2025-03-05T07:26:48+00:00\",\"description\":\"Conoce los manuales de usuario de la gama de veh\u00edculos Livan. El funcionamiento de todos los apartados de cada uno de los coches.\",\"breadcrumb\":{\"@id\":\"https:\/\/livantest.difadi.net\/?page_id=1313#breadcrumb\"},\"inLanguage\":\"es\",\"potentialAction\":[{\"@type\":\"ReadAction\",\"target\":[\"https:\/\/livantest.difadi.net\/?page_id=1313\"]}]},{\"@type\":\"ImageObject\",\"inLanguage\":\"es\",\"@id\":\"https:\/\/livantest.difadi.net\/?page_id=1313#primaryimage\",\"url\":\"https:\/\/livantest.difadi.net\/wp-content\/uploads\/2024\/08\/LIVAN_X3-02-3-scaled.jpg\",\"contentUrl\":\"https:\/\/livantest.difadi.net\/wp-content\/uploads\/2024\/08\/LIVAN_X3-02-3-scaled.jpg\",\"width\":2560,\"height\":1235},{\"@type\":\"BreadcrumbList\",\"@id\":\"https:\/\/livantest.difadi.net\/?page_id=1313#breadcrumb\",\"itemListElement\":[{\"@type\":\"ListItem\",\"position\":1,\"name\":\"Portada\",\"item\":\"https:\/\/livantest.difadi.net\/\"},{\"@type\":\"ListItem\",\"position\":2,\"name\":\"Manuales de usuario\"}]},{\"@type\":\"WebSite\",\"@id\":\"https:\/\/livantest.difadi.net\/#website\",\"url\":\"https:\/\/livantest.difadi.net\/\",\"name\":\"livanauto\",\"description\":\"Just another WordPress site\",\"publisher\":{\"@id\":\"https:\/\/livantest.difadi.net\/#organization\"},\"potentialAction\":[{\"@type\":\"SearchAction\",\"target\":{\"@type\":\"EntryPoint\",\"urlTemplate\":\"https:\/\/livantest.difadi.net\/?s={search_term_string}\"},\"query-input\":{\"@type\":\"PropertyValueSpecification\",\"valueRequired\":true,\"valueName\":\"search_term_string\"}}],\"inLanguage\":\"es\"},{\"@type\":\"Organization\",\"@id\":\"https:\/\/livantest.difadi.net\/#organization\",\"name\":\"livanauto\",\"url\":\"https:\/\/livantest.difadi.net\/\",\"logo\":{\"@type\":\"ImageObject\",\"inLanguage\":\"es\",\"@id\":\"https:\/\/livantest.difadi.net\/#\/schema\/logo\/image\/\",\"url\":\"https:\/\/livantest.difadi.net\/wp-content\/uploads\/2024\/05\/cropped-Livan-logitpo.png\",\"contentUrl\":\"https:\/\/livantest.difadi.net\/wp-content\/uploads\/2024\/05\/cropped-Livan-logitpo.png\",\"width\":164,\"height\":58,\"caption\":\"livanauto\"},\"image\":{\"@id\":\"https:\/\/livantest.difadi.net\/#\/schema\/logo\/image\/\"}}]}<\/script>\n<!-- \/ Yoast SEO plugin. -->","yoast_head_json":{"title":"Manuales de usuario - livanauto","description":"Conoce los manuales de usuario de la gama de veh\u00edculos Livan. El funcionamiento de todos los apartados de cada uno de los coches.","robots":{"index":"noindex","follow":"follow","max-snippet":"max-snippet:-1","max-image-preview":"max-image-preview:large","max-video-preview":"max-video-preview:-1"},"og_locale":"es_ES","og_type":"article","og_title":"Manuales de usuario - livanauto","og_description":"Conoce los manuales de usuario de la gama de veh\u00edculos Livan. El funcionamiento de todos los apartados de cada uno de los coches.","og_url":"https:\/\/livantest.difadi.net\/?page_id=1313","og_site_name":"livanauto","article_modified_time":"2025-03-05T07:26:48+00:00","og_image":[{"url":"https:\/\/livantest.difadi.net\/wp-content\/uploads\/2024\/08\/LIVAN_X3-02-3-1024x494.jpg","type":"","width":"","height":""}],"twitter_card":"summary_large_image","twitter_misc":{"Tiempo de lectura":"1 minuto"},"schema":{"@context":"https:\/\/schema.org","@graph":[{"@type":"WebPage","@id":"https:\/\/livantest.difadi.net\/?page_id=1313","url":"https:\/\/livantest.difadi.net\/?page_id=1313","name":"Manuales de usuario - livanauto","isPartOf":{"@id":"https:\/\/livantest.difadi.net\/#website"},"primaryImageOfPage":{"@id":"https:\/\/livantest.difadi.net\/?page_id=1313#primaryimage"},"image":{"@id":"https:\/\/livantest.difadi.net\/?page_id=1313#primaryimage"},"thumbnailUrl":"https:\/\/livantest.difadi.net\/wp-content\/uploads\/2024\/08\/LIVAN_X3-02-3-1024x494.jpg","datePublished":"2025-03-05T07:15:46+00:00","dateModified":"2025-03-05T07:26:48+00:00","description":"Conoce los manuales de usuario de la gama de veh\u00edculos Livan. El funcionamiento de todos los apartados de cada uno de los coches.","breadcrumb":{"@id":"https:\/\/livantest.difadi.net\/?page_id=1313#breadcrumb"},"inLanguage":"es","potentialAction":[{"@type":"ReadAction","target":["https:\/\/livantest.difadi.net\/?page_id=1313"]}]},{"@type":"ImageObject","inLanguage":"es","@id":"https:\/\/livantest.difadi.net\/?page_id=1313#primaryimage","url":"https:\/\/livantest.difadi.net\/wp-content\/uploads\/2024\/08\/LIVAN_X3-02-3-scaled.jpg","contentUrl":"https:\/\/livantest.difadi.net\/wp-content\/uploads\/2024\/08\/LIVAN_X3-02-3-scaled.jpg","width":2560,"height":1235},{"@type":"BreadcrumbList","@id":"https:\/\/livantest.difadi.net\/?page_id=1313#breadcrumb","itemListElement":[{"@type":"ListItem","position":1,"name":"Portada","item":"https:\/\/livantest.difadi.net\/"},{"@type":"ListItem","position":2,"name":"Manuales de usuario"}]},{"@type":"WebSite","@id":"https:\/\/livantest.difadi.net\/#website","url":"https:\/\/livantest.difadi.net\/","name":"livanauto","description":"Just another WordPress site","publisher":{"@id":"https:\/\/livantest.difadi.net\/#organization"},"potentialAction":[{"@type":"SearchAction","target":{"@type":"EntryPoint","urlTemplate":"https:\/\/livantest.difadi.net\/?s={search_term_string}"},"query-input":{"@type":"PropertyValueSpecification","valueRequired":true,"valueName":"search_term_string"}}],"inLanguage":"es"},{"@type":"Organization","@id":"https:\/\/livantest.difadi.net\/#organization","name":"livanauto","url":"https:\/\/livantest.difadi.net\/","logo":{"@type":"ImageObject","inLanguage":"es","@id":"https:\/\/livantest.difadi.net\/#\/schema\/logo\/image\/","url":"https:\/\/livantest.difadi.net\/wp-content\/uploads\/2024\/05\/cropped-Livan-logitpo.png","contentUrl":"https:\/\/livantest.difadi.net\/wp-content\/uploads\/2024\/05\/cropped-Livan-logitpo.png","width":164,"height":58,"caption":"livanauto"},"image":{"@id":"https:\/\/livantest.difadi.net\/#\/schema\/logo\/image\/"}}]}},"_links":{"self":[{"href":"https:\/\/livantest.difadi.net\/index.php?rest_route=\/wp\/v2\/pages\/1313","targetHints":{"allow":["GET"]}}],"collection":[{"href":"https:\/\/livantest.difadi.net\/index.php?rest_route=\/wp\/v2\/pages"}],"about":[{"href":"https:\/\/livantest.difadi.net\/index.php?rest_route=\/wp\/v2\/types\/page"}],"author":[{"embeddable":true,"href":"https:\/\/livantest.difadi.net\/index.php?rest_route=\/wp\/v2\/users\/2"}],"replies":[{"embeddable":true,"href":"https:\/\/livantest.difadi.net\/index.php?rest_route=%2Fwp%2Fv2%2Fcomments&post=1313"}],"version-history":[{"count":16,"href":"https:\/\/livantest.difadi.net\/index.php?rest_route=\/wp\/v2\/pages\/1313\/revisions"}],"predecessor-version":[{"id":1331,"href":"https:\/\/livantest.difadi.net\/index.php?rest_route=\/wp\/v2\/pages\/1313\/revisions\/1331"}],"wp:attachment":[{"href":"https:\/\/livantest.difadi.net\/index.php?rest_route=%2Fwp%2Fv2%2Fmedia&parent=1313"}],"curies":[{"name":"wp","href":"https:\/\/api.w.org\/{rel}","templated":true}]}}