{"id":1335,"date":"2025-03-05T08:32:56","date_gmt":"2025-03-05T08:32:56","guid":{"rendered":"https:\/\/livantest.difadi.net\/?page_id=1335"},"modified":"2025-03-05T16:37:59","modified_gmt":"2025-03-05T16:37:59","slug":"garantia-livan-2","status":"publish","type":"page","link":"https:\/\/livantest.difadi.net\/?page_id=1335","title":{"rendered":"Garant\u00eda Livan"},"content":{"rendered":"\t\t<div data-elementor-type=\"wp-page\" data-elementor-id=\"1335\" class=\"elementor elementor-1335\" data-elementor-settings=\"{&quot;ha_cmc_init_switcher&quot;:&quot;no&quot;}\" data-elementor-post-type=\"page\">\n\t\t\t\t<div class=\"elementor-element elementor-element-7d2095b e-flex e-con-boxed e-con e-parent\" data-id=\"7d2095b\" data-element_type=\"container\" data-settings=\"{&quot;background_background&quot;:&quot;classic&quot;,&quot;_ha_eqh_enable&quot;:false}\">\n\t\t\t\t\t<div class=\"e-con-inner\">\n\t\t\t\t<div class=\"elementor-element elementor-element-411c0d3 elementor-widget elementor-widget-heading\" data-id=\"411c0d3\" data-element_type=\"widget\" data-widget_type=\"heading.default\">\n\t\t\t\t<div class=\"elementor-widget-container\">\n\t\t\t\t\t<h2 class=\"elementor-heading-title elementor-size-default\">Garant\u00eda Livan<\/h2>\t\t\t\t<\/div>\n\t\t\t\t<\/div>\n\t\t\t\t\t<\/div>\n\t\t\t\t<\/div>\n\t\t<div class=\"elementor-element elementor-element-d6eeb02 e-flex e-con-boxed e-con e-parent\" data-id=\"d6eeb02\" data-element_type=\"container\" data-settings=\"{&quot;_ha_eqh_enable&quot;:false}\">\n\t\t\t\t\t<div class=\"e-con-inner\">\n\t\t<div class=\"elementor-element elementor-element-f561626 e-con-full e-flex e-con e-child\" data-id=\"f561626\" data-element_type=\"container\" data-settings=\"{&quot;_ha_eqh_enable&quot;:false}\">\n\t\t\t\t<div class=\"elementor-element elementor-element-d6d59a8 elementor-widget elementor-widget-image\" data-id=\"d6d59a8\" data-element_type=\"widget\" data-widget_type=\"image.default\">\n\t\t\t\t<div class=\"elementor-widget-container\">\n\t\t\t\t\t\t\t\t\t\t\t\t\t\t\t<img fetchpriority=\"high\" decoding=\"async\" width=\"227\" height=\"268\" src=\"https:\/\/livantest.difadi.net\/wp-content\/uploads\/2024\/11\/garantia-LIVAN.png\" class=\"attachment-large size-large wp-image-949\" alt=\"\" \/>\t\t\t\t\t\t\t\t\t\t\t\t\t\t\t<\/div>\n\t\t\t\t<\/div>\n\t\t\t\t<\/div>\n\t\t<div class=\"elementor-element elementor-element-29367c1 e-con-full e-flex e-con e-child\" data-id=\"29367c1\" data-element_type=\"container\" data-settings=\"{&quot;_ha_eqh_enable&quot;:false}\">\n\t\t\t\t<div class=\"elementor-element elementor-element-1ac9ad6 elementor-widget elementor-widget-image\" data-id=\"1ac9ad6\" data-element_type=\"widget\" data-widget_type=\"image.default\">\n\t\t\t\t<div class=\"elementor-widget-container\">\n\t\t\t\t\t\t\t\t\t\t\t\t\t\t\t<img decoding=\"async\" width=\"1024\" height=\"584\" src=\"https:\/\/livantest.difadi.net\/wp-content\/uploads\/2024\/11\/Mesa-de-trabajo-4-1-1024x584.jpg\" class=\"attachment-large size-large wp-image-1005\" alt=\"\" srcset=\"https:\/\/livantest.difadi.net\/wp-content\/uploads\/2024\/11\/Mesa-de-trabajo-4-1-1024x584.jpg 1024w, https:\/\/livantest.difadi.net\/wp-content\/uploads\/2024\/11\/Mesa-de-trabajo-4-1-300x171.jpg 300w, https:\/\/livantest.difadi.net\/wp-content\/uploads\/2024\/11\/Mesa-de-trabajo-4-1-768x438.jpg 768w, https:\/\/livantest.difadi.net\/wp-content\/uploads\/2024\/11\/Mesa-de-trabajo-4-1.jpg 1248w\" sizes=\"(max-width: 1024px) 100vw, 1024px\" \/>\t\t\t\t\t\t\t\t\t\t\t\t\t\t\t<\/div>\n\t\t\t\t<\/div>\n\t\t\t\t<\/div>\n\t\t\t\t\t<\/div>\n\t\t\t\t<\/div>\n\t\t\t\t<section class=\"elementor-section elementor-top-section elementor-element elementor-element-8559fac elementor-section-boxed elementor-section-height-default elementor-section-height-default\" data-id=\"8559fac\" data-element_type=\"section\" data-settings=\"{&quot;_ha_eqh_enable&quot;:false}\">\n\t\t\t\t\t\t<div class=\"elementor-container elementor-column-gap-default\">\n\t\t\t\t\t<div class=\"elementor-column elementor-col-33 elementor-top-column elementor-element elementor-element-64f59dd1\" data-id=\"64f59dd1\" data-element_type=\"column\">\n\t\t\t<div class=\"elementor-widget-wrap elementor-element-populated\">\n\t\t\t\t\t\t<div class=\"elementor-element elementor-element-91ee0d6 elementor-widget elementor-widget-image\" data-id=\"91ee0d6\" data-element_type=\"widget\" data-widget_type=\"image.default\">\n\t\t\t\t<div class=\"elementor-widget-container\">\n\t\t\t\t\t\t\t\t\t\t\t\t\t\t\t<img decoding=\"async\" width=\"700\" height=\"1200\" src=\"https:\/\/livantest.difadi.net\/wp-content\/uploads\/2025\/03\/Mesa-de-trabajo-2.jpg\" class=\"attachment-full size-full wp-image-1340\" alt=\"\" srcset=\"https:\/\/livantest.difadi.net\/wp-content\/uploads\/2025\/03\/Mesa-de-trabajo-2.jpg 700w, https:\/\/livantest.difadi.net\/wp-content\/uploads\/2025\/03\/Mesa-de-trabajo-2-175x300.jpg 175w, https:\/\/livantest.difadi.net\/wp-content\/uploads\/2025\/03\/Mesa-de-trabajo-2-597x1024.jpg 597w\" sizes=\"(max-width: 700px) 100vw, 700px\" \/>\t\t\t\t\t\t\t\t\t\t\t\t\t\t\t<\/div>\n\t\t\t\t<\/div>\n\t\t\t\t\t<\/div>\n\t\t<\/div>\n\t\t\t\t<div class=\"elementor-column elementor-col-33 elementor-top-column elementor-element elementor-element-39e0c0f8\" data-id=\"39e0c0f8\" data-element_type=\"column\">\n\t\t\t<div class=\"elementor-widget-wrap elementor-element-populated\">\n\t\t\t\t\t\t<div class=\"elementor-element elementor-element-5bec0909 elementor-widget elementor-widget-image\" data-id=\"5bec0909\" data-element_type=\"widget\" data-widget_type=\"image.default\">\n\t\t\t\t<div class=\"elementor-widget-container\">\n\t\t\t\t\t\t\t\t\t\t\t\t\t\t\t<img loading=\"lazy\" decoding=\"async\" width=\"700\" height=\"1200\" src=\"https:\/\/livantest.difadi.net\/wp-content\/uploads\/2025\/03\/Mesa-de-trabajo-1.jpg\" class=\"attachment-full size-full wp-image-1339\" alt=\"\" srcset=\"https:\/\/livantest.difadi.net\/wp-content\/uploads\/2025\/03\/Mesa-de-trabajo-1.jpg 700w, https:\/\/livantest.difadi.net\/wp-content\/uploads\/2025\/03\/Mesa-de-trabajo-1-175x300.jpg 175w, https:\/\/livantest.difadi.net\/wp-content\/uploads\/2025\/03\/Mesa-de-trabajo-1-597x1024.jpg 597w\" sizes=\"(max-width: 700px) 100vw, 700px\" \/>\t\t\t\t\t\t\t\t\t\t\t\t\t\t\t<\/div>\n\t\t\t\t<\/div>\n\t\t\t\t\t<\/div>\n\t\t<\/div>\n\t\t\t\t<div class=\"elementor-column elementor-col-33 elementor-top-column elementor-element elementor-element-51ebf6e1\" data-id=\"51ebf6e1\" data-element_type=\"column\">\n\t\t\t<div class=\"elementor-widget-wrap elementor-element-populated\">\n\t\t\t\t\t\t<div class=\"elementor-element elementor-element-1310a448 elementor-widget elementor-widget-heading\" data-id=\"1310a448\" data-element_type=\"widget\" data-widget_type=\"heading.default\">\n\t\t\t\t<div class=\"elementor-widget-container\">\n\t\t\t\t\t<h2 class=\"elementor-heading-title elementor-size-default\">Tranquilidad y Confianza<\/h2>\t\t\t\t<\/div>\n\t\t\t\t<\/div>\n\t\t\t\t<div class=\"elementor-element elementor-element-690e9b9 elementor-widget elementor-widget-text-editor\" data-id=\"690e9b9\" data-element_type=\"widget\" data-widget_type=\"text-editor.default\">\n\t\t\t\t<div class=\"elementor-widget-container\">\n\t\t\t\t\t\t\t\t\t<p data-start=\"109\" data-end=\"265\">En Livan, queremos que disfrutes de tu veh\u00edculo con total tranquilidad. Por eso, ofrecemos una garant\u00eda de <strong data-start=\"216\" data-end=\"239\">5 a\u00f1os o 100.000 km<\/strong>, lo que ocurra primero.<\/p><p data-start=\"267\" data-end=\"449\">Nuestra garant\u00eda cubre posibles defectos de fabricaci\u00f3n y te brinda el respaldo de nuestra red de servicios autorizados, asegurando que tu Livan se mantenga en \u00f3ptimas condiciones.<\/p><p data-start=\"451\" data-end=\"632\">Para conocer los detalles, condiciones y coberturas espec\u00edficas, consulta el documento de garant\u00eda incluido con tu veh\u00edculo o contacta con nuestro servicio de atenci\u00f3n al cliente.<\/p>\t\t\t\t\t\t\t\t<\/div>\n\t\t\t\t<\/div>\n\t\t\t\t\t<\/div>\n\t\t<\/div>\n\t\t\t\t\t<\/div>\n\t\t<\/section>\n\t\t<div class=\"elementor-element elementor-element-7edf637 e-flex e-con-boxed e-con e-parent\" data-id=\"7edf637\" data-element_type=\"container\" data-settings=\"{&quot;_ha_eqh_enable&quot;:false}\">\n\t\t\t\t\t<div class=\"e-con-inner\">\n\t\t\t\t<div class=\"elementor-element elementor-element-ebc8db5 elementor-widget elementor-widget-heading\" data-id=\"ebc8db5\" data-element_type=\"widget\" data-widget_type=\"heading.default\">\n\t\t\t\t<div class=\"elementor-widget-container\">\n\t\t\t\t\t<p class=\"elementor-heading-title elementor-size-default\">Condiciones de garant\u00eda<\/p>\t\t\t\t<\/div>\n\t\t\t\t<\/div>\n\t\t\t\t<div class=\"elementor-element elementor-element-21f653e elementor-widget elementor-widget-n-accordion\" data-id=\"21f653e\" data-element_type=\"widget\" data-settings=\"{&quot;default_state&quot;:&quot;all_collapsed&quot;,&quot;max_items_expended&quot;:&quot;multiple&quot;,&quot;n_accordion_animation_duration&quot;:{&quot;unit&quot;:&quot;ms&quot;,&quot;size&quot;:400,&quot;sizes&quot;:[]}}\" data-widget_type=\"nested-accordion.default\">\n\t\t\t\t<div class=\"elementor-widget-container\">\n\t\t\t\t\t\t\t<div class=\"e-n-accordion\" aria-label=\"Accordion. Open links with Enter or Space, close with Escape, and navigate with Arrow Keys\">\n\t\t\t\t\t\t<details id=\"e-n-accordion-item-3560\" class=\"e-n-accordion-item\" >\n\t\t\t\t<summary class=\"e-n-accordion-item-title\" data-accordion-index=\"1\" tabindex=\"0\" aria-expanded=\"false\" aria-controls=\"e-n-accordion-item-3560\" >\n\t\t\t\t\t<span class='e-n-accordion-item-title-header'><div class=\"e-n-accordion-item-title-text\"> \u00bfQu\u00e9 cubre la garant\u00eda de reparaciones? <\/div><\/span>\n\t\t\t\t\t\t\t<span class='e-n-accordion-item-title-icon'>\n\t\t\t<span class='e-opened' ><svg aria-hidden=\"true\" class=\"e-font-icon-svg e-fas-angle-up\" viewBox=\"0 0 320 512\" xmlns=\"http:\/\/www.w3.org\/2000\/svg\"><path d=\"M177 159.7l136 136c9.4 9.4 9.4 24.6 0 33.9l-22.6 22.6c-9.4 9.4-24.6 9.4-33.9 0L160 255.9l-96.4 96.4c-9.4 9.4-24.6 9.4-33.9 0L7 329.7c-9.4-9.4-9.4-24.6 0-33.9l136-136c9.4-9.5 24.6-9.5 34-.1z\"><\/path><\/svg><\/span>\n\t\t\t<span class='e-closed'><svg aria-hidden=\"true\" class=\"e-font-icon-svg e-fas-angle-down\" viewBox=\"0 0 320 512\" xmlns=\"http:\/\/www.w3.org\/2000\/svg\"><path d=\"M143 352.3L7 216.3c-9.4-9.4-9.4-24.6 0-33.9l22.6-22.6c9.4-9.4 24.6-9.4 33.9 0l96.4 96.4 96.4-96.4c9.4-9.4 24.6-9.4 33.9 0l22.6 22.6c9.4 9.4 9.4 24.6 0 33.9l-136 136c-9.2 9.4-24.4 9.4-33.8 0z\"><\/path><\/svg><\/span>\n\t\t<\/span>\n\n\t\t\t\t\t\t<\/summary>\n\t\t\t\t<div role=\"region\" aria-labelledby=\"e-n-accordion-item-3560\" class=\"elementor-element elementor-element-19339f2 e-con-full e-flex e-con e-child\" data-id=\"19339f2\" data-element_type=\"container\" data-settings=\"{&quot;_ha_eqh_enable&quot;:false}\">\n\t\t\t\t<div class=\"elementor-element elementor-element-5dd1c72 elementor-widget elementor-widget-text-editor\" data-id=\"5dd1c72\" data-element_type=\"widget\" data-widget_type=\"text-editor.default\">\n\t\t\t\t<div class=\"elementor-widget-container\">\n\t\t\t\t\t\t\t\t\t<p>Cubre el importe de los costes de mano de obra y materiales de reparaci\u00f3n, tanto si la causa de la nueva intervenci\u00f3n se debe a un defecto de origen de la pieza Livan o a un montaje defectuoso de la misma.<\/p>\t\t\t\t\t\t\t\t<\/div>\n\t\t\t\t<\/div>\n\t\t\t\t<\/div>\n\t\t\t\t\t<\/details>\n\t\t\t\t\t\t<details id=\"e-n-accordion-item-3561\" class=\"e-n-accordion-item\" >\n\t\t\t\t<summary class=\"e-n-accordion-item-title\" data-accordion-index=\"2\" tabindex=\"-1\" aria-expanded=\"false\" aria-controls=\"e-n-accordion-item-3561\" >\n\t\t\t\t\t<span class='e-n-accordion-item-title-header'><div class=\"e-n-accordion-item-title-text\"> \u00bfQu\u00e9 reparaciones quedan excluidas de la garant\u00eda? <\/div><\/span>\n\t\t\t\t\t\t\t<span class='e-n-accordion-item-title-icon'>\n\t\t\t<span class='e-opened' ><svg aria-hidden=\"true\" class=\"e-font-icon-svg e-fas-angle-up\" viewBox=\"0 0 320 512\" xmlns=\"http:\/\/www.w3.org\/2000\/svg\"><path d=\"M177 159.7l136 136c9.4 9.4 9.4 24.6 0 33.9l-22.6 22.6c-9.4 9.4-24.6 9.4-33.9 0L160 255.9l-96.4 96.4c-9.4 9.4-24.6 9.4-33.9 0L7 329.7c-9.4-9.4-9.4-24.6 0-33.9l136-136c9.4-9.5 24.6-9.5 34-.1z\"><\/path><\/svg><\/span>\n\t\t\t<span class='e-closed'><svg aria-hidden=\"true\" class=\"e-font-icon-svg e-fas-angle-down\" viewBox=\"0 0 320 512\" xmlns=\"http:\/\/www.w3.org\/2000\/svg\"><path d=\"M143 352.3L7 216.3c-9.4-9.4-9.4-24.6 0-33.9l22.6-22.6c9.4-9.4 24.6-9.4 33.9 0l96.4 96.4 96.4-96.4c9.4-9.4 24.6-9.4 33.9 0l22.6 22.6c9.4 9.4 9.4 24.6 0 33.9l-136 136c-9.2 9.4-24.4 9.4-33.8 0z\"><\/path><\/svg><\/span>\n\t\t<\/span>\n\n\t\t\t\t\t\t<\/summary>\n\t\t\t\t<div role=\"region\" aria-labelledby=\"e-n-accordion-item-3561\" class=\"elementor-element elementor-element-074fda7 e-con-full e-flex e-con e-child\" data-id=\"074fda7\" data-element_type=\"container\" data-settings=\"{&quot;_ha_eqh_enable&quot;:false}\">\n\t\t\t\t<div class=\"elementor-element elementor-element-9c6dbb7 elementor-widget elementor-widget-text-editor\" data-id=\"9c6dbb7\" data-element_type=\"widget\" data-widget_type=\"text-editor.default\">\n\t\t\t\t<div class=\"elementor-widget-container\">\n\t\t\t\t\t\t\t\t\t<ul><li>Los desgastes normales, producidos por el uso.<\/li><li>Las anomal\u00edas por utilizaci\u00f3n incorrecta del coche.<\/li><li>Las intervenciones realizadas fuera de los talleres de la red de concesionarios Livan.<\/li><\/ul>\t\t\t\t\t\t\t\t<\/div>\n\t\t\t\t<\/div>\n\t\t\t\t<\/div>\n\t\t\t\t\t<\/details>\n\t\t\t\t\t\t<details id=\"e-n-accordion-item-3562\" class=\"e-n-accordion-item\" >\n\t\t\t\t<summary class=\"e-n-accordion-item-title\" data-accordion-index=\"3\" tabindex=\"-1\" aria-expanded=\"false\" aria-controls=\"e-n-accordion-item-3562\" >\n\t\t\t\t\t<span class='e-n-accordion-item-title-header'><div class=\"e-n-accordion-item-title-text\"> \u00bfD\u00f3nde se puede aplicar la garant\u00eda? <\/div><\/span>\n\t\t\t\t\t\t\t<span class='e-n-accordion-item-title-icon'>\n\t\t\t<span class='e-opened' ><svg aria-hidden=\"true\" class=\"e-font-icon-svg e-fas-angle-up\" viewBox=\"0 0 320 512\" xmlns=\"http:\/\/www.w3.org\/2000\/svg\"><path d=\"M177 159.7l136 136c9.4 9.4 9.4 24.6 0 33.9l-22.6 22.6c-9.4 9.4-24.6 9.4-33.9 0L160 255.9l-96.4 96.4c-9.4 9.4-24.6 9.4-33.9 0L7 329.7c-9.4-9.4-9.4-24.6 0-33.9l136-136c9.4-9.5 24.6-9.5 34-.1z\"><\/path><\/svg><\/span>\n\t\t\t<span class='e-closed'><svg aria-hidden=\"true\" class=\"e-font-icon-svg e-fas-angle-down\" viewBox=\"0 0 320 512\" xmlns=\"http:\/\/www.w3.org\/2000\/svg\"><path d=\"M143 352.3L7 216.3c-9.4-9.4-9.4-24.6 0-33.9l22.6-22.6c9.4-9.4 24.6-9.4 33.9 0l96.4 96.4 96.4-96.4c9.4-9.4 24.6-9.4 33.9 0l22.6 22.6c9.4 9.4 9.4 24.6 0 33.9l-136 136c-9.2 9.4-24.4 9.4-33.8 0z\"><\/path><\/svg><\/span>\n\t\t<\/span>\n\n\t\t\t\t\t\t<\/summary>\n\t\t\t\t<div role=\"region\" aria-labelledby=\"e-n-accordion-item-3562\" class=\"elementor-element elementor-element-bc77dd4 e-con-full e-flex e-con e-child\" data-id=\"bc77dd4\" data-element_type=\"container\" data-settings=\"{&quot;_ha_eqh_enable&quot;:false}\">\n\t\t\t\t<div class=\"elementor-element elementor-element-536a21f elementor-widget elementor-widget-text-editor\" data-id=\"536a21f\" data-element_type=\"widget\" data-widget_type=\"text-editor.default\">\n\t\t\t\t<div class=\"elementor-widget-container\">\n\t\t\t\t\t\t\t\t\t<p>Esta garant\u00eda se aplica en la amplia Red de concesionarios de Livan, con independencia del taller mec\u00e1nico donde se haya realizado la reparaci\u00f3n. Acudir a uno de nuestros talleres es la mejor forma de mantener el veh\u00edculo en las mejores condiciones de seguridad, calidad y durabilidad.<\/p>\t\t\t\t\t\t\t\t<\/div>\n\t\t\t\t<\/div>\n\t\t\t\t<\/div>\n\t\t\t\t\t<\/details>\n\t\t\t\t\t<\/div>\n\t\t\t\t\t\t<\/div>\n\t\t\t\t<\/div>\n\t\t\t\t\t<\/div>\n\t\t\t\t<\/div>\n\t\t\t\t<\/div>\n\t\t","protected":false},"excerpt":{"rendered":"<p>Garant\u00eda Livan Tranquilidad y Confianza En Livan, queremos que disfrutes de tu veh\u00edculo con total tranquilidad. Por eso, ofrecemos una garant\u00eda de 5 a\u00f1os o 100.000 km, lo que ocurra primero. Nuestra garant\u00eda cubre posibles defectos de fabricaci\u00f3n y te brinda el respaldo de nuestra red de servicios autorizados, asegurando que tu Livan se mantenga [&hellip;]<\/p>\n","protected":false},"author":2,"featured_media":0,"parent":0,"menu_order":0,"comment_status":"closed","ping_status":"closed","template":"","meta":{"footnotes":""},"class_list":["post-1335","page","type-page","status-publish","hentry","entry"],"yoast_head":"<!-- This site is optimized with the Yoast SEO plugin v24.8.1 - https:\/\/yoast.com\/wordpress\/plugins\/seo\/ -->\n<title>Garant\u00eda Livan - livanauto<\/title>\n<meta name=\"description\" content=\"Conoce la garant\u00eda Livan. Garantizamos 5 a\u00f1os de garant\u00eda o 100.000km, lo que suceda primero. Garantizamos tranquilidad.\" \/>\n<meta name=\"robots\" content=\"noindex, follow, max-snippet:-1, max-image-preview:large, max-video-preview:-1\" \/>\n<meta property=\"og:locale\" content=\"es_ES\" \/>\n<meta property=\"og:type\" content=\"article\" \/>\n<meta property=\"og:title\" content=\"Garant\u00eda Livan - livanauto\" \/>\n<meta property=\"og:description\" content=\"Conoce la garant\u00eda Livan. Garantizamos 5 a\u00f1os de garant\u00eda o 100.000km, lo que suceda primero. Garantizamos tranquilidad.\" \/>\n<meta property=\"og:url\" content=\"https:\/\/livantest.difadi.net\/?page_id=1335\" \/>\n<meta property=\"og:site_name\" content=\"livanauto\" \/>\n<meta property=\"article:modified_time\" content=\"2025-03-05T16:37:59+00:00\" \/>\n<meta property=\"og:image\" content=\"https:\/\/livantest.difadi.net\/wp-content\/uploads\/2024\/11\/garantia-LIVAN.png\" \/>\n<meta name=\"twitter:card\" content=\"summary_large_image\" \/>\n<meta name=\"twitter:label1\" content=\"Tiempo de lectura\" \/>\n\t<meta name=\"twitter:data1\" content=\"3 minutos\" \/>\n<script type=\"application\/ld+json\" class=\"yoast-schema-graph\">{\"@context\":\"https:\/\/schema.org\",\"@graph\":[{\"@type\":\"WebPage\",\"@id\":\"https:\/\/livantest.difadi.net\/?page_id=1335\",\"url\":\"https:\/\/livantest.difadi.net\/?page_id=1335\",\"name\":\"Garant\u00eda Livan - livanauto\",\"isPartOf\":{\"@id\":\"https:\/\/livantest.difadi.net\/#website\"},\"primaryImageOfPage\":{\"@id\":\"https:\/\/livantest.difadi.net\/?page_id=1335#primaryimage\"},\"image\":{\"@id\":\"https:\/\/livantest.difadi.net\/?page_id=1335#primaryimage\"},\"thumbnailUrl\":\"https:\/\/livantest.difadi.net\/wp-content\/uploads\/2024\/11\/garantia-LIVAN.png\",\"datePublished\":\"2025-03-05T08:32:56+00:00\",\"dateModified\":\"2025-03-05T16:37:59+00:00\",\"description\":\"Conoce la garant\u00eda Livan. Garantizamos 5 a\u00f1os de garant\u00eda o 100.000km, lo que suceda primero. Garantizamos tranquilidad.\",\"breadcrumb\":{\"@id\":\"https:\/\/livantest.difadi.net\/?page_id=1335#breadcrumb\"},\"inLanguage\":\"es\",\"potentialAction\":[{\"@type\":\"ReadAction\",\"target\":[\"https:\/\/livantest.difadi.net\/?page_id=1335\"]}]},{\"@type\":\"ImageObject\",\"inLanguage\":\"es\",\"@id\":\"https:\/\/livantest.difadi.net\/?page_id=1335#primaryimage\",\"url\":\"https:\/\/livantest.difadi.net\/wp-content\/uploads\/2024\/11\/garantia-LIVAN.png\",\"contentUrl\":\"https:\/\/livantest.difadi.net\/wp-content\/uploads\/2024\/11\/garantia-LIVAN.png\",\"width\":227,\"height\":268},{\"@type\":\"BreadcrumbList\",\"@id\":\"https:\/\/livantest.difadi.net\/?page_id=1335#breadcrumb\",\"itemListElement\":[{\"@type\":\"ListItem\",\"position\":1,\"name\":\"Portada\",\"item\":\"https:\/\/livantest.difadi.net\/\"},{\"@type\":\"ListItem\",\"position\":2,\"name\":\"Garant\u00eda Livan\"}]},{\"@type\":\"WebSite\",\"@id\":\"https:\/\/livantest.difadi.net\/#website\",\"url\":\"https:\/\/livantest.difadi.net\/\",\"name\":\"livanauto\",\"description\":\"Just another WordPress site\",\"publisher\":{\"@id\":\"https:\/\/livantest.difadi.net\/#organization\"},\"potentialAction\":[{\"@type\":\"SearchAction\",\"target\":{\"@type\":\"EntryPoint\",\"urlTemplate\":\"https:\/\/livantest.difadi.net\/?s={search_term_string}\"},\"query-input\":{\"@type\":\"PropertyValueSpecification\",\"valueRequired\":true,\"valueName\":\"search_term_string\"}}],\"inLanguage\":\"es\"},{\"@type\":\"Organization\",\"@id\":\"https:\/\/livantest.difadi.net\/#organization\",\"name\":\"livanauto\",\"url\":\"https:\/\/livantest.difadi.net\/\",\"logo\":{\"@type\":\"ImageObject\",\"inLanguage\":\"es\",\"@id\":\"https:\/\/livantest.difadi.net\/#\/schema\/logo\/image\/\",\"url\":\"https:\/\/livantest.difadi.net\/wp-content\/uploads\/2024\/05\/cropped-Livan-logitpo.png\",\"contentUrl\":\"https:\/\/livantest.difadi.net\/wp-content\/uploads\/2024\/05\/cropped-Livan-logitpo.png\",\"width\":164,\"height\":58,\"caption\":\"livanauto\"},\"image\":{\"@id\":\"https:\/\/livantest.difadi.net\/#\/schema\/logo\/image\/\"}}]}<\/script>\n<!-- \/ Yoast SEO plugin. -->","yoast_head_json":{"title":"Garant\u00eda Livan - livanauto","description":"Conoce la garant\u00eda Livan. Garantizamos 5 a\u00f1os de garant\u00eda o 100.000km, lo que suceda primero. Garantizamos tranquilidad.","robots":{"index":"noindex","follow":"follow","max-snippet":"max-snippet:-1","max-image-preview":"max-image-preview:large","max-video-preview":"max-video-preview:-1"},"og_locale":"es_ES","og_type":"article","og_title":"Garant\u00eda Livan - livanauto","og_description":"Conoce la garant\u00eda Livan. Garantizamos 5 a\u00f1os de garant\u00eda o 100.000km, lo que suceda primero. Garantizamos tranquilidad.","og_url":"https:\/\/livantest.difadi.net\/?page_id=1335","og_site_name":"livanauto","article_modified_time":"2025-03-05T16:37:59+00:00","og_image":[{"url":"https:\/\/livantest.difadi.net\/wp-content\/uploads\/2024\/11\/garantia-LIVAN.png","type":"","width":"","height":""}],"twitter_card":"summary_large_image","twitter_misc":{"Tiempo de lectura":"3 minutos"},"schema":{"@context":"https:\/\/schema.org","@graph":[{"@type":"WebPage","@id":"https:\/\/livantest.difadi.net\/?page_id=1335","url":"https:\/\/livantest.difadi.net\/?page_id=1335","name":"Garant\u00eda Livan - livanauto","isPartOf":{"@id":"https:\/\/livantest.difadi.net\/#website"},"primaryImageOfPage":{"@id":"https:\/\/livantest.difadi.net\/?page_id=1335#primaryimage"},"image":{"@id":"https:\/\/livantest.difadi.net\/?page_id=1335#primaryimage"},"thumbnailUrl":"https:\/\/livantest.difadi.net\/wp-content\/uploads\/2024\/11\/garantia-LIVAN.png","datePublished":"2025-03-05T08:32:56+00:00","dateModified":"2025-03-05T16:37:59+00:00","description":"Conoce la garant\u00eda Livan. Garantizamos 5 a\u00f1os de garant\u00eda o 100.000km, lo que suceda primero. Garantizamos tranquilidad.","breadcrumb":{"@id":"https:\/\/livantest.difadi.net\/?page_id=1335#breadcrumb"},"inLanguage":"es","potentialAction":[{"@type":"ReadAction","target":["https:\/\/livantest.difadi.net\/?page_id=1335"]}]},{"@type":"ImageObject","inLanguage":"es","@id":"https:\/\/livantest.difadi.net\/?page_id=1335#primaryimage","url":"https:\/\/livantest.difadi.net\/wp-content\/uploads\/2024\/11\/garantia-LIVAN.png","contentUrl":"https:\/\/livantest.difadi.net\/wp-content\/uploads\/2024\/11\/garantia-LIVAN.png","width":227,"height":268},{"@type":"BreadcrumbList","@id":"https:\/\/livantest.difadi.net\/?page_id=1335#breadcrumb","itemListElement":[{"@type":"ListItem","position":1,"name":"Portada","item":"https:\/\/livantest.difadi.net\/"},{"@type":"ListItem","position":2,"name":"Garant\u00eda Livan"}]},{"@type":"WebSite","@id":"https:\/\/livantest.difadi.net\/#website","url":"https:\/\/livantest.difadi.net\/","name":"livanauto","description":"Just another WordPress site","publisher":{"@id":"https:\/\/livantest.difadi.net\/#organization"},"potentialAction":[{"@type":"SearchAction","target":{"@type":"EntryPoint","urlTemplate":"https:\/\/livantest.difadi.net\/?s={search_term_string}"},"query-input":{"@type":"PropertyValueSpecification","valueRequired":true,"valueName":"search_term_string"}}],"inLanguage":"es"},{"@type":"Organization","@id":"https:\/\/livantest.difadi.net\/#organization","name":"livanauto","url":"https:\/\/livantest.difadi.net\/","logo":{"@type":"ImageObject","inLanguage":"es","@id":"https:\/\/livantest.difadi.net\/#\/schema\/logo\/image\/","url":"https:\/\/livantest.difadi.net\/wp-content\/uploads\/2024\/05\/cropped-Livan-logitpo.png","contentUrl":"https:\/\/livantest.difadi.net\/wp-content\/uploads\/2024\/05\/cropped-Livan-logitpo.png","width":164,"height":58,"caption":"livanauto"},"image":{"@id":"https:\/\/livantest.difadi.net\/#\/schema\/logo\/image\/"}}]}},"_links":{"self":[{"href":"https:\/\/livantest.difadi.net\/index.php?rest_route=\/wp\/v2\/pages\/1335","targetHints":{"allow":["GET"]}}],"collection":[{"href":"https:\/\/livantest.difadi.net\/index.php?rest_route=\/wp\/v2\/pages"}],"about":[{"href":"https:\/\/livantest.difadi.net\/index.php?rest_route=\/wp\/v2\/types\/page"}],"author":[{"embeddable":true,"href":"https:\/\/livantest.difadi.net\/index.php?rest_route=\/wp\/v2\/users\/2"}],"replies":[{"embeddable":true,"href":"https:\/\/livantest.difadi.net\/index.php?rest_route=%2Fwp%2Fv2%2Fcomments&post=1335"}],"version-history":[{"count":31,"href":"https:\/\/livantest.difadi.net\/index.php?rest_route=\/wp\/v2\/pages\/1335\/revisions"}],"predecessor-version":[{"id":1423,"href":"https:\/\/livantest.difadi.net\/index.php?rest_route=\/wp\/v2\/pages\/1335\/revisions\/1423"}],"wp:attachment":[{"href":"https:\/\/livantest.difadi.net\/index.php?rest_route=%2Fwp%2Fv2%2Fmedia&parent=1335"}],"curies":[{"name":"wp","href":"https:\/\/api.w.org\/{rel}","templated":true}]}}