{"id":1424,"date":"2025-03-05T16:41:32","date_gmt":"2025-03-05T16:41:32","guid":{"rendered":"https:\/\/livantest.difadi.net\/?page_id=1424"},"modified":"2025-03-05T16:55:05","modified_gmt":"2025-03-05T16:55:05","slug":"mantenimiento","status":"publish","type":"page","link":"https:\/\/livantest.difadi.net\/?page_id=1424","title":{"rendered":"Mantenimiento"},"content":{"rendered":"\t\t<div data-elementor-type=\"wp-page\" data-elementor-id=\"1424\" class=\"elementor elementor-1424\" data-elementor-settings=\"{&quot;ha_cmc_init_switcher&quot;:&quot;no&quot;}\" data-elementor-post-type=\"page\">\n\t\t\t\t<div class=\"elementor-element elementor-element-7d2095b e-flex e-con-boxed e-con e-parent\" data-id=\"7d2095b\" data-element_type=\"container\" data-settings=\"{&quot;background_background&quot;:&quot;classic&quot;,&quot;_ha_eqh_enable&quot;:false}\">\n\t\t\t\t\t<div class=\"e-con-inner\">\n\t\t\t\t<div class=\"elementor-element elementor-element-411c0d3 elementor-widget elementor-widget-heading\" data-id=\"411c0d3\" data-element_type=\"widget\" data-widget_type=\"heading.default\">\n\t\t\t\t<div class=\"elementor-widget-container\">\n\t\t\t\t\t<h2 class=\"elementor-heading-title elementor-size-default\">Mantenimiento<\/h2>\t\t\t\t<\/div>\n\t\t\t\t<\/div>\n\t\t\t\t\t<\/div>\n\t\t\t\t<\/div>\n\t\t\t\t<section class=\"elementor-section elementor-top-section elementor-element elementor-element-8559fac elementor-section-boxed elementor-section-height-default elementor-section-height-default\" data-id=\"8559fac\" data-element_type=\"section\" data-settings=\"{&quot;_ha_eqh_enable&quot;:false}\">\n\t\t\t\t\t\t<div class=\"elementor-container elementor-column-gap-default\">\n\t\t\t\t\t<div class=\"elementor-column elementor-col-33 elementor-top-column elementor-element elementor-element-39e0c0f8\" data-id=\"39e0c0f8\" data-element_type=\"column\">\n\t\t\t<div class=\"elementor-widget-wrap elementor-element-populated\">\n\t\t\t\t\t\t<div class=\"elementor-element elementor-element-5bec0909 elementor-widget elementor-widget-image\" data-id=\"5bec0909\" data-element_type=\"widget\" data-widget_type=\"image.default\">\n\t\t\t\t<div class=\"elementor-widget-container\">\n\t\t\t\t\t\t\t\t\t\t\t\t\t\t\t<img fetchpriority=\"high\" decoding=\"async\" width=\"700\" height=\"1200\" src=\"https:\/\/livantest.difadi.net\/wp-content\/uploads\/2025\/03\/Mesa-de-trabajo-1.jpg\" class=\"attachment-full size-full wp-image-1339\" alt=\"\" srcset=\"https:\/\/livantest.difadi.net\/wp-content\/uploads\/2025\/03\/Mesa-de-trabajo-1.jpg 700w, https:\/\/livantest.difadi.net\/wp-content\/uploads\/2025\/03\/Mesa-de-trabajo-1-175x300.jpg 175w, https:\/\/livantest.difadi.net\/wp-content\/uploads\/2025\/03\/Mesa-de-trabajo-1-597x1024.jpg 597w\" sizes=\"(max-width: 700px) 100vw, 700px\" \/>\t\t\t\t\t\t\t\t\t\t\t\t\t\t\t<\/div>\n\t\t\t\t<\/div>\n\t\t\t\t\t<\/div>\n\t\t<\/div>\n\t\t\t\t<div class=\"elementor-column elementor-col-33 elementor-top-column elementor-element elementor-element-64f59dd1\" data-id=\"64f59dd1\" data-element_type=\"column\">\n\t\t\t<div class=\"elementor-widget-wrap elementor-element-populated\">\n\t\t\t\t\t\t<div class=\"elementor-element elementor-element-91ee0d6 elementor-widget elementor-widget-image\" data-id=\"91ee0d6\" data-element_type=\"widget\" data-widget_type=\"image.default\">\n\t\t\t\t<div class=\"elementor-widget-container\">\n\t\t\t\t\t\t\t\t\t\t\t\t\t\t\t<img decoding=\"async\" width=\"700\" height=\"1200\" src=\"https:\/\/livantest.difadi.net\/wp-content\/uploads\/2025\/03\/Mesa-de-trabajo-2.jpg\" class=\"attachment-full size-full wp-image-1340\" alt=\"\" srcset=\"https:\/\/livantest.difadi.net\/wp-content\/uploads\/2025\/03\/Mesa-de-trabajo-2.jpg 700w, https:\/\/livantest.difadi.net\/wp-content\/uploads\/2025\/03\/Mesa-de-trabajo-2-175x300.jpg 175w, https:\/\/livantest.difadi.net\/wp-content\/uploads\/2025\/03\/Mesa-de-trabajo-2-597x1024.jpg 597w\" sizes=\"(max-width: 700px) 100vw, 700px\" \/>\t\t\t\t\t\t\t\t\t\t\t\t\t\t\t<\/div>\n\t\t\t\t<\/div>\n\t\t\t\t\t<\/div>\n\t\t<\/div>\n\t\t\t\t<div class=\"elementor-column elementor-col-33 elementor-top-column elementor-element elementor-element-51ebf6e1\" data-id=\"51ebf6e1\" data-element_type=\"column\">\n\t\t\t<div class=\"elementor-widget-wrap elementor-element-populated\">\n\t\t\t\t\t\t<div class=\"elementor-element elementor-element-1310a448 elementor-widget elementor-widget-heading\" data-id=\"1310a448\" data-element_type=\"widget\" data-widget_type=\"heading.default\">\n\t\t\t\t<div class=\"elementor-widget-container\">\n\t\t\t\t\t<h2 class=\"elementor-heading-title elementor-size-default\">En Livan cuidamos de ti<\/h2>\t\t\t\t<\/div>\n\t\t\t\t<\/div>\n\t\t\t\t<div class=\"elementor-element elementor-element-690e9b9 elementor-widget elementor-widget-text-editor\" data-id=\"690e9b9\" data-element_type=\"widget\" data-widget_type=\"text-editor.default\">\n\t\t\t\t<div class=\"elementor-widget-container\">\n\t\t\t\t\t\t\t\t\t<p>\u00bfQuieres asegurarte de que tu Livan est\u00e1 en las mejores condiciones? Lleva tu veh\u00edculo a uno de nuestros concesionarios oficiales Livan para una revisi\u00f3n exhaustiva. Nuestro equipo de expertos se encargar\u00e1 de verificar cada detalle para garantizar su pleno funcionamiento.<\/p><p>Adem\u00e1s, todas nuestras intervenciones est\u00e1n respaldadas por una s\u00f3lida garant\u00eda de 5 a\u00f1os. No arriesgues la seguridad ni el rendimiento de tu Livan, conf\u00eda en nosotros para mantenerlo en su mejor estado y disfrutar de una conducci\u00f3n sin preocupaciones.<\/p>\t\t\t\t\t\t\t\t<\/div>\n\t\t\t\t<\/div>\n\t\t\t\t\t<\/div>\n\t\t<\/div>\n\t\t\t\t\t<\/div>\n\t\t<\/section>\n\t\t<div class=\"elementor-element elementor-element-d8ea767 e-flex e-con-boxed e-con e-parent\" data-id=\"d8ea767\" data-element_type=\"container\" data-settings=\"{&quot;_ha_eqh_enable&quot;:false}\">\n\t\t\t\t\t<div class=\"e-con-inner\">\n\t\t<div class=\"elementor-element elementor-element-404bca1 e-con-full e-flex e-con e-child\" data-id=\"404bca1\" data-element_type=\"container\" data-settings=\"{&quot;_ha_eqh_enable&quot;:false}\">\n\t\t\t\t<div class=\"elementor-element elementor-element-34c4e48 elementor-widget elementor-widget-ha-flip-box happy-addon ha-flip-box\" data-id=\"34c4e48\" data-element_type=\"widget\" data-widget_type=\"ha-flip-box.default\">\n\t\t\t\t<div class=\"elementor-widget-container\">\n\t\t\t\t\t\n        <div class=\"ha-flip-box-container ha-flip-effect-classic\">\n\n            <div class=\"ha-flip-box-inner ha-flip-right\">\n                <div class=\"ha-flip-box-inner-wrapper\">\n                    <div class=\"ha-flip-box-front\">\n                        <div class=\"ha-flip-box-front-inner\">\n                            <div class=\"icon-wrap\">\n                                                                                            <\/div>\n\n                            <div class=\"ha-text\">\n                                                                    <h2 class=\"ha-flip-box-heading\">Revisi\u00f3n de veh\u00edculo<\/h2>\n                                \n                                                            <\/div>\n                        <\/div>\n                    <\/div>\n\n                    <div class=\"ha-flip-box-back\">\n                        <div class=\"ha-flip-box-back-inner\">\n                            <div class=\"icon-wrap\">\n                                                                                            <\/div>\n\n                            <div class=\"ha-text\">\n                                                                    <h2 class=\"ha-flip-box-heading-back\">Revisi\u00f3n<\/h2>\n                                \n                                                                    <p class=\"ha-desc\">Realiza todas las operaciones de mantenimiento que necesites en nuestros concesionarios oficiales. <\/p>\n                                                            <\/div>\n\n                        <\/div>\n                    <\/div>\n                <\/div>\n            <\/div>\n        <\/div>\n    \t\t\t\t<\/div>\n\t\t\t\t<\/div>\n\t\t\t\t<\/div>\n\t\t<div class=\"elementor-element elementor-element-16247d1 e-con-full e-flex e-con e-child\" data-id=\"16247d1\" data-element_type=\"container\" data-settings=\"{&quot;_ha_eqh_enable&quot;:false}\">\n\t\t\t\t<div class=\"elementor-element elementor-element-c5d3737 elementor-widget elementor-widget-ha-flip-box happy-addon ha-flip-box\" data-id=\"c5d3737\" data-element_type=\"widget\" data-widget_type=\"ha-flip-box.default\">\n\t\t\t\t<div class=\"elementor-widget-container\">\n\t\t\t\t\t\n        <div class=\"ha-flip-box-container ha-flip-effect-classic\">\n\n            <div class=\"ha-flip-box-inner ha-flip-right\">\n                <div class=\"ha-flip-box-inner-wrapper\">\n                    <div class=\"ha-flip-box-front\">\n                        <div class=\"ha-flip-box-front-inner\">\n                            <div class=\"icon-wrap\">\n                                                                                            <\/div>\n\n                            <div class=\"ha-text\">\n                                                                    <h2 class=\"ha-flip-box-heading\">Carrocer\u00eda <\/h2>\n                                \n                                                            <\/div>\n                        <\/div>\n                    <\/div>\n\n                    <div class=\"ha-flip-box-back\">\n                        <div class=\"ha-flip-box-back-inner\">\n                            <div class=\"icon-wrap\">\n                                                                                            <\/div>\n\n                            <div class=\"ha-text\">\n                                                                    <h2 class=\"ha-flip-box-heading-back\">Carrocer\u00eda<\/h2>\n                                \n                                                                    <p class=\"ha-desc\">Pide cita en tu concesionario Livan de confianza para cualquier operaci\u00f3n de carrocer\u00eda, chapa, pintura o reparaci\u00f3n.<\/p>\n                                                            <\/div>\n\n                        <\/div>\n                    <\/div>\n                <\/div>\n            <\/div>\n        <\/div>\n    \t\t\t\t<\/div>\n\t\t\t\t<\/div>\n\t\t\t\t<\/div>\n\t\t<div class=\"elementor-element elementor-element-88b01bb e-con-full e-flex e-con e-child\" data-id=\"88b01bb\" data-element_type=\"container\" data-settings=\"{&quot;_ha_eqh_enable&quot;:false}\">\n\t\t\t\t<div class=\"elementor-element elementor-element-c28c271 elementor-widget elementor-widget-ha-flip-box happy-addon ha-flip-box\" data-id=\"c28c271\" data-element_type=\"widget\" data-widget_type=\"ha-flip-box.default\">\n\t\t\t\t<div class=\"elementor-widget-container\">\n\t\t\t\t\t\n        <div class=\"ha-flip-box-container ha-flip-effect-classic\">\n\n            <div class=\"ha-flip-box-inner ha-flip-right\">\n                <div class=\"ha-flip-box-inner-wrapper\">\n                    <div class=\"ha-flip-box-front\">\n                        <div class=\"ha-flip-box-front-inner\">\n                            <div class=\"icon-wrap\">\n                                                                                            <\/div>\n\n                            <div class=\"ha-text\">\n                                                                    <h2 class=\"ha-flip-box-heading\">Garant\u00eda<\/h2>\n                                \n                                                            <\/div>\n                        <\/div>\n                    <\/div>\n\n                    <div class=\"ha-flip-box-back\">\n                        <div class=\"ha-flip-box-back-inner\">\n                            <div class=\"icon-wrap\">\n                                                                                            <\/div>\n\n                            <div class=\"ha-text\">\n                                                                    <h2 class=\"ha-flip-box-heading-back\">Garant\u00eda<\/h2>\n                                \n                                                                    <p class=\"ha-desc\">En caso de aver\u00edas, consulta la garant\u00eda de Livan, que son 5 a\u00f1os o 100.000km y ve a tu concesionario m\u00e1s cercano.<\/p>\n                                                            <\/div>\n\n                        <\/div>\n                    <\/div>\n                <\/div>\n            <\/div>\n        <\/div>\n    \t\t\t\t<\/div>\n\t\t\t\t<\/div>\n\t\t\t\t<\/div>\n\t\t\t\t\t<\/div>\n\t\t\t\t<\/div>\n\t\t\t\t<\/div>\n\t\t","protected":false},"excerpt":{"rendered":"<p>Mantenimiento En Livan cuidamos de ti \u00bfQuieres asegurarte de que tu Livan est\u00e1 en las mejores condiciones? Lleva tu veh\u00edculo a uno de nuestros concesionarios oficiales Livan para una revisi\u00f3n exhaustiva. Nuestro equipo de expertos se encargar\u00e1 de verificar cada detalle para garantizar su pleno funcionamiento. Adem\u00e1s, todas nuestras intervenciones est\u00e1n respaldadas por una s\u00f3lida [&hellip;]<\/p>\n","protected":false},"author":2,"featured_media":0,"parent":0,"menu_order":0,"comment_status":"closed","ping_status":"closed","template":"","meta":{"footnotes":""},"class_list":["post-1424","page","type-page","status-publish","hentry","entry"],"yoast_head":"<!-- This site is optimized with the Yoast SEO plugin v24.8.1 - https:\/\/yoast.com\/wordpress\/plugins\/seo\/ -->\n<title>Mantenimiento - livanauto<\/title>\n<meta name=\"description\" content=\"Conoce los servicios de mantenimiento de Livan y todos los modelos de su gama. Da a tu Livan la vida m\u00e1s larga posible\" \/>\n<meta name=\"robots\" content=\"noindex, follow, max-snippet:-1, max-image-preview:large, max-video-preview:-1\" \/>\n<meta property=\"og:locale\" content=\"es_ES\" \/>\n<meta property=\"og:type\" content=\"article\" \/>\n<meta property=\"og:title\" content=\"Mantenimiento - livanauto\" \/>\n<meta property=\"og:description\" content=\"Conoce los servicios de mantenimiento de Livan y todos los modelos de su gama. Da a tu Livan la vida m\u00e1s larga posible\" \/>\n<meta property=\"og:url\" content=\"https:\/\/livantest.difadi.net\/?page_id=1424\" \/>\n<meta property=\"og:site_name\" content=\"livanauto\" \/>\n<meta property=\"article:modified_time\" content=\"2025-03-05T16:55:05+00:00\" \/>\n<meta property=\"og:image\" content=\"https:\/\/livantest.difadi.net\/wp-content\/uploads\/2025\/03\/Mesa-de-trabajo-1.jpg\" \/>\n<meta name=\"twitter:card\" content=\"summary_large_image\" \/>\n<meta name=\"twitter:label1\" content=\"Tiempo de lectura\" \/>\n\t<meta name=\"twitter:data1\" content=\"2 minutos\" \/>\n<script type=\"application\/ld+json\" class=\"yoast-schema-graph\">{\"@context\":\"https:\/\/schema.org\",\"@graph\":[{\"@type\":\"WebPage\",\"@id\":\"https:\/\/livantest.difadi.net\/?page_id=1424\",\"url\":\"https:\/\/livantest.difadi.net\/?page_id=1424\",\"name\":\"Mantenimiento - livanauto\",\"isPartOf\":{\"@id\":\"https:\/\/livantest.difadi.net\/#website\"},\"primaryImageOfPage\":{\"@id\":\"https:\/\/livantest.difadi.net\/?page_id=1424#primaryimage\"},\"image\":{\"@id\":\"https:\/\/livantest.difadi.net\/?page_id=1424#primaryimage\"},\"thumbnailUrl\":\"https:\/\/livantest.difadi.net\/wp-content\/uploads\/2025\/03\/Mesa-de-trabajo-1.jpg\",\"datePublished\":\"2025-03-05T16:41:32+00:00\",\"dateModified\":\"2025-03-05T16:55:05+00:00\",\"description\":\"Conoce los servicios de mantenimiento de Livan y todos los modelos de su gama. Da a tu Livan la vida m\u00e1s larga posible\",\"breadcrumb\":{\"@id\":\"https:\/\/livantest.difadi.net\/?page_id=1424#breadcrumb\"},\"inLanguage\":\"es\",\"potentialAction\":[{\"@type\":\"ReadAction\",\"target\":[\"https:\/\/livantest.difadi.net\/?page_id=1424\"]}]},{\"@type\":\"ImageObject\",\"inLanguage\":\"es\",\"@id\":\"https:\/\/livantest.difadi.net\/?page_id=1424#primaryimage\",\"url\":\"https:\/\/livantest.difadi.net\/wp-content\/uploads\/2025\/03\/Mesa-de-trabajo-1.jpg\",\"contentUrl\":\"https:\/\/livantest.difadi.net\/wp-content\/uploads\/2025\/03\/Mesa-de-trabajo-1.jpg\",\"width\":700,\"height\":1200},{\"@type\":\"BreadcrumbList\",\"@id\":\"https:\/\/livantest.difadi.net\/?page_id=1424#breadcrumb\",\"itemListElement\":[{\"@type\":\"ListItem\",\"position\":1,\"name\":\"Portada\",\"item\":\"https:\/\/livantest.difadi.net\/\"},{\"@type\":\"ListItem\",\"position\":2,\"name\":\"Mantenimiento\"}]},{\"@type\":\"WebSite\",\"@id\":\"https:\/\/livantest.difadi.net\/#website\",\"url\":\"https:\/\/livantest.difadi.net\/\",\"name\":\"livanauto\",\"description\":\"Just another WordPress site\",\"publisher\":{\"@id\":\"https:\/\/livantest.difadi.net\/#organization\"},\"potentialAction\":[{\"@type\":\"SearchAction\",\"target\":{\"@type\":\"EntryPoint\",\"urlTemplate\":\"https:\/\/livantest.difadi.net\/?s={search_term_string}\"},\"query-input\":{\"@type\":\"PropertyValueSpecification\",\"valueRequired\":true,\"valueName\":\"search_term_string\"}}],\"inLanguage\":\"es\"},{\"@type\":\"Organization\",\"@id\":\"https:\/\/livantest.difadi.net\/#organization\",\"name\":\"livanauto\",\"url\":\"https:\/\/livantest.difadi.net\/\",\"logo\":{\"@type\":\"ImageObject\",\"inLanguage\":\"es\",\"@id\":\"https:\/\/livantest.difadi.net\/#\/schema\/logo\/image\/\",\"url\":\"https:\/\/livantest.difadi.net\/wp-content\/uploads\/2024\/05\/cropped-Livan-logitpo.png\",\"contentUrl\":\"https:\/\/livantest.difadi.net\/wp-content\/uploads\/2024\/05\/cropped-Livan-logitpo.png\",\"width\":164,\"height\":58,\"caption\":\"livanauto\"},\"image\":{\"@id\":\"https:\/\/livantest.difadi.net\/#\/schema\/logo\/image\/\"}}]}<\/script>\n<!-- \/ Yoast SEO plugin. -->","yoast_head_json":{"title":"Mantenimiento - livanauto","description":"Conoce los servicios de mantenimiento de Livan y todos los modelos de su gama. Da a tu Livan la vida m\u00e1s larga posible","robots":{"index":"noindex","follow":"follow","max-snippet":"max-snippet:-1","max-image-preview":"max-image-preview:large","max-video-preview":"max-video-preview:-1"},"og_locale":"es_ES","og_type":"article","og_title":"Mantenimiento - livanauto","og_description":"Conoce los servicios de mantenimiento de Livan y todos los modelos de su gama. Da a tu Livan la vida m\u00e1s larga posible","og_url":"https:\/\/livantest.difadi.net\/?page_id=1424","og_site_name":"livanauto","article_modified_time":"2025-03-05T16:55:05+00:00","og_image":[{"url":"https:\/\/livantest.difadi.net\/wp-content\/uploads\/2025\/03\/Mesa-de-trabajo-1.jpg","type":"","width":"","height":""}],"twitter_card":"summary_large_image","twitter_misc":{"Tiempo de lectura":"2 minutos"},"schema":{"@context":"https:\/\/schema.org","@graph":[{"@type":"WebPage","@id":"https:\/\/livantest.difadi.net\/?page_id=1424","url":"https:\/\/livantest.difadi.net\/?page_id=1424","name":"Mantenimiento - livanauto","isPartOf":{"@id":"https:\/\/livantest.difadi.net\/#website"},"primaryImageOfPage":{"@id":"https:\/\/livantest.difadi.net\/?page_id=1424#primaryimage"},"image":{"@id":"https:\/\/livantest.difadi.net\/?page_id=1424#primaryimage"},"thumbnailUrl":"https:\/\/livantest.difadi.net\/wp-content\/uploads\/2025\/03\/Mesa-de-trabajo-1.jpg","datePublished":"2025-03-05T16:41:32+00:00","dateModified":"2025-03-05T16:55:05+00:00","description":"Conoce los servicios de mantenimiento de Livan y todos los modelos de su gama. Da a tu Livan la vida m\u00e1s larga posible","breadcrumb":{"@id":"https:\/\/livantest.difadi.net\/?page_id=1424#breadcrumb"},"inLanguage":"es","potentialAction":[{"@type":"ReadAction","target":["https:\/\/livantest.difadi.net\/?page_id=1424"]}]},{"@type":"ImageObject","inLanguage":"es","@id":"https:\/\/livantest.difadi.net\/?page_id=1424#primaryimage","url":"https:\/\/livantest.difadi.net\/wp-content\/uploads\/2025\/03\/Mesa-de-trabajo-1.jpg","contentUrl":"https:\/\/livantest.difadi.net\/wp-content\/uploads\/2025\/03\/Mesa-de-trabajo-1.jpg","width":700,"height":1200},{"@type":"BreadcrumbList","@id":"https:\/\/livantest.difadi.net\/?page_id=1424#breadcrumb","itemListElement":[{"@type":"ListItem","position":1,"name":"Portada","item":"https:\/\/livantest.difadi.net\/"},{"@type":"ListItem","position":2,"name":"Mantenimiento"}]},{"@type":"WebSite","@id":"https:\/\/livantest.difadi.net\/#website","url":"https:\/\/livantest.difadi.net\/","name":"livanauto","description":"Just another WordPress site","publisher":{"@id":"https:\/\/livantest.difadi.net\/#organization"},"potentialAction":[{"@type":"SearchAction","target":{"@type":"EntryPoint","urlTemplate":"https:\/\/livantest.difadi.net\/?s={search_term_string}"},"query-input":{"@type":"PropertyValueSpecification","valueRequired":true,"valueName":"search_term_string"}}],"inLanguage":"es"},{"@type":"Organization","@id":"https:\/\/livantest.difadi.net\/#organization","name":"livanauto","url":"https:\/\/livantest.difadi.net\/","logo":{"@type":"ImageObject","inLanguage":"es","@id":"https:\/\/livantest.difadi.net\/#\/schema\/logo\/image\/","url":"https:\/\/livantest.difadi.net\/wp-content\/uploads\/2024\/05\/cropped-Livan-logitpo.png","contentUrl":"https:\/\/livantest.difadi.net\/wp-content\/uploads\/2024\/05\/cropped-Livan-logitpo.png","width":164,"height":58,"caption":"livanauto"},"image":{"@id":"https:\/\/livantest.difadi.net\/#\/schema\/logo\/image\/"}}]}},"_links":{"self":[{"href":"https:\/\/livantest.difadi.net\/index.php?rest_route=\/wp\/v2\/pages\/1424","targetHints":{"allow":["GET"]}}],"collection":[{"href":"https:\/\/livantest.difadi.net\/index.php?rest_route=\/wp\/v2\/pages"}],"about":[{"href":"https:\/\/livantest.difadi.net\/index.php?rest_route=\/wp\/v2\/types\/page"}],"author":[{"embeddable":true,"href":"https:\/\/livantest.difadi.net\/index.php?rest_route=\/wp\/v2\/users\/2"}],"replies":[{"embeddable":true,"href":"https:\/\/livantest.difadi.net\/index.php?rest_route=%2Fwp%2Fv2%2Fcomments&post=1424"}],"version-history":[{"count":10,"href":"https:\/\/livantest.difadi.net\/index.php?rest_route=\/wp\/v2\/pages\/1424\/revisions"}],"predecessor-version":[{"id":1437,"href":"https:\/\/livantest.difadi.net\/index.php?rest_route=\/wp\/v2\/pages\/1424\/revisions\/1437"}],"wp:attachment":[{"href":"https:\/\/livantest.difadi.net\/index.php?rest_route=%2Fwp%2Fv2%2Fmedia&parent=1424"}],"curies":[{"name":"wp","href":"https:\/\/api.w.org\/{rel}","templated":true}]}}