{"id":158,"date":"2024-05-17T08:00:19","date_gmt":"2024-05-17T08:00:19","guid":{"rendered":"https:\/\/livantest.difadi.net\/?page_id=158"},"modified":"2025-03-05T16:54:42","modified_gmt":"2025-03-05T16:54:42","slug":"postventa","status":"publish","type":"page","link":"https:\/\/livantest.difadi.net\/?page_id=158","title":{"rendered":"Postventa"},"content":{"rendered":"\t\t<div data-elementor-type=\"wp-page\" data-elementor-id=\"158\" class=\"elementor elementor-158\" data-elementor-settings=\"{&quot;ha_cmc_init_switcher&quot;:&quot;no&quot;}\" data-elementor-post-type=\"page\">\n\t\t\t\t<div class=\"elementor-element elementor-element-ce73323 e-flex e-con-boxed e-con e-parent\" data-id=\"ce73323\" data-element_type=\"container\" data-settings=\"{&quot;background_background&quot;:&quot;classic&quot;,&quot;_ha_eqh_enable&quot;:false}\">\n\t\t\t\t\t<div class=\"e-con-inner\">\n\t\t\t\t<div class=\"elementor-element elementor-element-4efed09 elementor-widget elementor-widget-heading\" data-id=\"4efed09\" data-element_type=\"widget\" data-widget_type=\"heading.default\">\n\t\t\t\t<div class=\"elementor-widget-container\">\n\t\t\t\t\t<p class=\"elementor-heading-title elementor-size-default\">Postventa <\/p>\t\t\t\t<\/div>\n\t\t\t\t<\/div>\n\t\t\t\t\t<\/div>\n\t\t\t\t<\/div>\n\t\t<div class=\"elementor-element elementor-element-bd39ffb e-flex e-con-boxed e-con e-parent\" data-id=\"bd39ffb\" data-element_type=\"container\" data-settings=\"{&quot;_ha_eqh_enable&quot;:false}\">\n\t\t\t\t\t<div class=\"e-con-inner\">\n\t\t<div class=\"elementor-element elementor-element-25ac257 e-con-full e-flex e-con e-child\" data-id=\"25ac257\" data-element_type=\"container\" data-settings=\"{&quot;_ha_eqh_enable&quot;:false}\">\n\t\t\t\t<div class=\"elementor-element elementor-element-0268439 elementor-widget elementor-widget-image\" data-id=\"0268439\" data-element_type=\"widget\" data-widget_type=\"image.default\">\n\t\t\t\t<div class=\"elementor-widget-container\">\n\t\t\t\t\t\t\t\t\t\t\t\t\t\t\t<img fetchpriority=\"high\" decoding=\"async\" width=\"800\" height=\"534\" src=\"https:\/\/livantest.difadi.net\/wp-content\/uploads\/2024\/05\/garantia.jpg\" class=\"attachment-large size-large wp-image-166\" alt=\"\" srcset=\"https:\/\/livantest.difadi.net\/wp-content\/uploads\/2024\/05\/garantia.jpg 800w, https:\/\/livantest.difadi.net\/wp-content\/uploads\/2024\/05\/garantia-300x200.jpg 300w, https:\/\/livantest.difadi.net\/wp-content\/uploads\/2024\/05\/garantia-768x513.jpg 768w\" sizes=\"(max-width: 800px) 100vw, 800px\" \/>\t\t\t\t\t\t\t\t\t\t\t\t\t\t\t<\/div>\n\t\t\t\t<\/div>\n\t\t\t\t<\/div>\n\t\t<div class=\"elementor-element elementor-element-f9fa70c e-con-full e-flex e-con e-child\" data-id=\"f9fa70c\" data-element_type=\"container\" data-settings=\"{&quot;_ha_eqh_enable&quot;:false}\">\n\t\t\t\t<div class=\"elementor-element elementor-element-176eb7b elementor-widget elementor-widget-heading\" data-id=\"176eb7b\" data-element_type=\"widget\" data-widget_type=\"heading.default\">\n\t\t\t\t<div class=\"elementor-widget-container\">\n\t\t\t\t\t<h2 class=\"elementor-heading-title elementor-size-default\">Una garant\u00eda excepcional<\/h2>\t\t\t\t<\/div>\n\t\t\t\t<\/div>\n\t\t\t\t<div class=\"elementor-element elementor-element-5dc54af elementor-widget elementor-widget-text-editor\" data-id=\"5dc54af\" data-element_type=\"widget\" data-widget_type=\"text-editor.default\">\n\t\t\t\t<div class=\"elementor-widget-container\">\n\t\t\t\t\t\t\t\t\t<p>En Livan, entendemos que la tranquilidad es fundamental cuando se trata de tu veh\u00edculo. Es por eso que ofrecemos una garant\u00eda excepcional que te brinda la seguridad y confianza que mereces.\u00a0<\/p>\t\t\t\t\t\t\t\t<\/div>\n\t\t\t\t<\/div>\n\t\t\t\t<div class=\"elementor-element elementor-element-a98c3a5 elementor-widget elementor-widget-button\" data-id=\"a98c3a5\" data-element_type=\"widget\" data-widget_type=\"button.default\">\n\t\t\t\t<div class=\"elementor-widget-container\">\n\t\t\t\t\t\t\t\t\t<div class=\"elementor-button-wrapper\">\n\t\t\t\t\t<a class=\"elementor-button elementor-button-link elementor-size-sm elementor-animation-grow\" href=\"https:\/\/livantest.difadi.net\/garantia-livan-2\/\">\n\t\t\t\t\t\t<span class=\"elementor-button-content-wrapper\">\n\t\t\t\t\t\t\t\t\t<span class=\"elementor-button-text\">SABER M\u00c1S<\/span>\n\t\t\t\t\t<\/span>\n\t\t\t\t\t<\/a>\n\t\t\t\t<\/div>\n\t\t\t\t\t\t\t\t<\/div>\n\t\t\t\t<\/div>\n\t\t\t\t<\/div>\n\t\t\t\t\t<\/div>\n\t\t\t\t<\/div>\n\t\t<div class=\"elementor-element elementor-element-fd4b5ae e-flex e-con-boxed e-con e-parent\" data-id=\"fd4b5ae\" data-element_type=\"container\" data-settings=\"{&quot;_ha_eqh_enable&quot;:false}\">\n\t\t\t\t\t<div class=\"e-con-inner\">\n\t\t<div class=\"elementor-element elementor-element-f3c7a6b e-con-full e-flex e-con e-child\" data-id=\"f3c7a6b\" data-element_type=\"container\" data-settings=\"{&quot;_ha_eqh_enable&quot;:false}\">\n\t\t\t\t<div data-ha-element-link=\"{&quot;url&quot;:&quot;https:\\\/\\\/livantest.difadi.net\\\/mantenimiento\\\/&quot;,&quot;is_external&quot;:&quot;&quot;,&quot;nofollow&quot;:&quot;&quot;}\" style=\"cursor: pointer\" class=\"elementor-element elementor-element-d3bab38 ha-css-transform-yes elementor-widget elementor-widget-image\" data-id=\"d3bab38\" data-element_type=\"widget\" data-widget_type=\"image.default\">\n\t\t\t\t<div class=\"elementor-widget-container\">\n\t\t\t\t\t\t\t\t\t\t\t\t\t\t\t<img decoding=\"async\" width=\"500\" height=\"333\" src=\"https:\/\/livantest.difadi.net\/wp-content\/uploads\/2024\/05\/Mesa-de-trabajo-1.jpg\" class=\"attachment-large size-large wp-image-161\" alt=\"\" srcset=\"https:\/\/livantest.difadi.net\/wp-content\/uploads\/2024\/05\/Mesa-de-trabajo-1.jpg 500w, https:\/\/livantest.difadi.net\/wp-content\/uploads\/2024\/05\/Mesa-de-trabajo-1-300x200.jpg 300w\" sizes=\"(max-width: 500px) 100vw, 500px\" \/>\t\t\t\t\t\t\t\t\t\t\t\t\t\t\t<\/div>\n\t\t\t\t<\/div>\n\t\t\t\t<div class=\"elementor-element elementor-element-651abcd elementor-widget elementor-widget-heading\" data-id=\"651abcd\" data-element_type=\"widget\" data-widget_type=\"heading.default\">\n\t\t\t\t<div class=\"elementor-widget-container\">\n\t\t\t\t\t<h3 class=\"elementor-heading-title elementor-size-default\">Mantenimiento<\/h3>\t\t\t\t<\/div>\n\t\t\t\t<\/div>\n\t\t\t\t<div class=\"elementor-element elementor-element-5d17e2f elementor-widget elementor-widget-text-editor\" data-id=\"5d17e2f\" data-element_type=\"widget\" data-widget_type=\"text-editor.default\">\n\t\t\t\t<div class=\"elementor-widget-container\">\n\t\t\t\t\t\t\t\t\t<p>Nuestro servicio de mantenimiento garantiza la m\u00e1xima fiabilidad de tu veh\u00edculo. Contamos con t\u00e9cnicos especializados y repuestos originales.<\/p>\t\t\t\t\t\t\t\t<\/div>\n\t\t\t\t<\/div>\n\t\t\t\t<\/div>\n\t\t<div class=\"elementor-element elementor-element-e33a817 e-con-full e-flex e-con e-child\" data-id=\"e33a817\" data-element_type=\"container\" data-settings=\"{&quot;_ha_eqh_enable&quot;:false}\">\n\t\t\t\t<div data-ha-element-link=\"{&quot;url&quot;:&quot;https:\\\/\\\/livantest.difadi.net\\\/contacto-livan&quot;,&quot;is_external&quot;:&quot;&quot;,&quot;nofollow&quot;:&quot;&quot;}\" style=\"cursor: pointer\" class=\"elementor-element elementor-element-bcca16d ha-css-transform-yes elementor-widget elementor-widget-image\" data-id=\"bcca16d\" data-element_type=\"widget\" data-widget_type=\"image.default\">\n\t\t\t\t<div class=\"elementor-widget-container\">\n\t\t\t\t\t\t\t\t\t\t\t\t\t\t\t<img decoding=\"async\" width=\"500\" height=\"333\" src=\"https:\/\/livantest.difadi.net\/wp-content\/uploads\/2024\/05\/Mesa-de-trabajo-2-1.jpg\" class=\"attachment-large size-large wp-image-162\" alt=\"\" srcset=\"https:\/\/livantest.difadi.net\/wp-content\/uploads\/2024\/05\/Mesa-de-trabajo-2-1.jpg 500w, https:\/\/livantest.difadi.net\/wp-content\/uploads\/2024\/05\/Mesa-de-trabajo-2-1-300x200.jpg 300w\" sizes=\"(max-width: 500px) 100vw, 500px\" \/>\t\t\t\t\t\t\t\t\t\t\t\t\t\t\t<\/div>\n\t\t\t\t<\/div>\n\t\t\t\t<div class=\"elementor-element elementor-element-4a382e2 elementor-widget elementor-widget-heading\" data-id=\"4a382e2\" data-element_type=\"widget\" data-widget_type=\"heading.default\">\n\t\t\t\t<div class=\"elementor-widget-container\">\n\t\t\t\t\t<h3 class=\"elementor-heading-title elementor-size-default\">Atenci\u00f3n al cliente<\/h3>\t\t\t\t<\/div>\n\t\t\t\t<\/div>\n\t\t\t\t<div class=\"elementor-element elementor-element-ec1c583 elementor-widget elementor-widget-text-editor\" data-id=\"ec1c583\" data-element_type=\"widget\" data-widget_type=\"text-editor.default\">\n\t\t\t\t<div class=\"elementor-widget-container\">\n\t\t\t\t\t\t\t\t\t<p>Nuestra atenci\u00f3n al cliente est\u00e1 dedicada a ofrecerte soporte r\u00e1pido y soluciones eficaces. Estamos aqu\u00ed para ayudarte.<\/p>\t\t\t\t\t\t\t\t<\/div>\n\t\t\t\t<\/div>\n\t\t\t\t<\/div>\n\t\t<div class=\"elementor-element elementor-element-5820bbe e-con-full e-flex e-con e-child\" data-id=\"5820bbe\" data-element_type=\"container\" data-settings=\"{&quot;_ha_eqh_enable&quot;:false}\">\n\t\t\t\t<div data-ha-element-link=\"{&quot;url&quot;:&quot;https:\\\/\\\/livantest.difadi.net\\\/red-de-concesionarios&quot;,&quot;is_external&quot;:&quot;&quot;,&quot;nofollow&quot;:&quot;&quot;}\" style=\"cursor: pointer\" class=\"elementor-element elementor-element-0686893 ha-css-transform-yes elementor-widget elementor-widget-image\" data-id=\"0686893\" data-element_type=\"widget\" data-widget_type=\"image.default\">\n\t\t\t\t<div class=\"elementor-widget-container\">\n\t\t\t\t\t\t\t\t\t\t\t\t\t\t\t<img loading=\"lazy\" decoding=\"async\" width=\"500\" height=\"333\" src=\"https:\/\/livantest.difadi.net\/wp-content\/uploads\/2024\/05\/Mesa-de-trabajo-3.jpg\" class=\"attachment-large size-large wp-image-163\" alt=\"\" srcset=\"https:\/\/livantest.difadi.net\/wp-content\/uploads\/2024\/05\/Mesa-de-trabajo-3.jpg 500w, https:\/\/livantest.difadi.net\/wp-content\/uploads\/2024\/05\/Mesa-de-trabajo-3-300x200.jpg 300w\" sizes=\"(max-width: 500px) 100vw, 500px\" \/>\t\t\t\t\t\t\t\t\t\t\t\t\t\t\t<\/div>\n\t\t\t\t<\/div>\n\t\t\t\t<div class=\"elementor-element elementor-element-bc28b9c elementor-widget elementor-widget-heading\" data-id=\"bc28b9c\" data-element_type=\"widget\" data-widget_type=\"heading.default\">\n\t\t\t\t<div class=\"elementor-widget-container\">\n\t\t\t\t\t<h3 class=\"elementor-heading-title elementor-size-default\">Tu concesionario<\/h3>\t\t\t\t<\/div>\n\t\t\t\t<\/div>\n\t\t\t\t<div class=\"elementor-element elementor-element-2046073 elementor-widget elementor-widget-text-editor\" data-id=\"2046073\" data-element_type=\"widget\" data-widget_type=\"text-editor.default\">\n\t\t\t\t<div class=\"elementor-widget-container\">\n\t\t\t\t\t\t\t\t\t<p>Visita nuestros concesionarios y descubre nuestros veh\u00edculos. Te ofrecemos atenci\u00f3n personalizada y asesoramiento experto.<\/p>\t\t\t\t\t\t\t\t<\/div>\n\t\t\t\t<\/div>\n\t\t\t\t<\/div>\n\t\t\t\t\t<\/div>\n\t\t\t\t<\/div>\n\t\t<div class=\"elementor-element elementor-element-09e6628 e-flex e-con-boxed e-con e-parent\" data-id=\"09e6628\" data-element_type=\"container\" data-settings=\"{&quot;_ha_eqh_enable&quot;:false}\">\n\t\t\t\t\t<div class=\"e-con-inner\">\n\t\t<div class=\"elementor-element elementor-element-abee775 e-con-full e-flex e-con e-child\" data-id=\"abee775\" data-element_type=\"container\" data-settings=\"{&quot;_ha_eqh_enable&quot;:false}\">\n\t\t\t\t<div data-ha-element-link=\"{&quot;url&quot;:&quot;https:\\\/\\\/livantest.difadi.net\\\/manuales-de-usuario\\\/&quot;,&quot;is_external&quot;:&quot;&quot;,&quot;nofollow&quot;:&quot;&quot;}\" style=\"cursor: pointer\" class=\"elementor-element elementor-element-ff961c5 ha-css-transform-yes elementor-widget elementor-widget-image\" data-id=\"ff961c5\" data-element_type=\"widget\" data-widget_type=\"image.default\">\n\t\t\t\t<div class=\"elementor-widget-container\">\n\t\t\t\t\t\t\t\t\t\t\t\t\t\t\t<img loading=\"lazy\" decoding=\"async\" width=\"500\" height=\"333\" src=\"https:\/\/livantest.difadi.net\/wp-content\/uploads\/2024\/05\/Mesa-de-trabajo-2-2.jpg\" class=\"attachment-large size-large wp-image-164\" alt=\"\" srcset=\"https:\/\/livantest.difadi.net\/wp-content\/uploads\/2024\/05\/Mesa-de-trabajo-2-2.jpg 500w, https:\/\/livantest.difadi.net\/wp-content\/uploads\/2024\/05\/Mesa-de-trabajo-2-2-300x200.jpg 300w\" sizes=\"(max-width: 500px) 100vw, 500px\" \/>\t\t\t\t\t\t\t\t\t\t\t\t\t\t\t<\/div>\n\t\t\t\t<\/div>\n\t\t\t\t<div class=\"elementor-element elementor-element-d1dad5d elementor-widget elementor-widget-heading\" data-id=\"d1dad5d\" data-element_type=\"widget\" data-widget_type=\"heading.default\">\n\t\t\t\t<div class=\"elementor-widget-container\">\n\t\t\t\t\t<h3 class=\"elementor-heading-title elementor-size-default\">Manuales de usuario<\/h3>\t\t\t\t<\/div>\n\t\t\t\t<\/div>\n\t\t\t\t<div class=\"elementor-element elementor-element-e3c6d81 elementor-widget elementor-widget-text-editor\" data-id=\"e3c6d81\" data-element_type=\"widget\" data-widget_type=\"text-editor.default\">\n\t\t\t\t<div class=\"elementor-widget-container\">\n\t\t\t\t\t\t\t\t\t<p>Manuales de usuario detallados y actualizados para todos nuestros modelos. Accede a toda la informaci\u00f3n que necesitas para aprovechar al m\u00e1ximo tu veh\u00edculo.<\/p>\t\t\t\t\t\t\t\t<\/div>\n\t\t\t\t<\/div>\n\t\t\t\t<\/div>\n\t\t<div class=\"elementor-element elementor-element-aeaf98b e-con-full e-flex e-con e-child\" data-id=\"aeaf98b\" data-element_type=\"container\" data-settings=\"{&quot;_ha_eqh_enable&quot;:false}\">\n\t\t\t\t<div data-ha-element-link=\"{&quot;url&quot;:&quot;https:\\\/\\\/livantest.difadi.net\\\/historia-de-livan&quot;,&quot;is_external&quot;:&quot;&quot;,&quot;nofollow&quot;:&quot;&quot;}\" style=\"cursor: pointer\" class=\"elementor-element elementor-element-9e54d16 ha-css-transform-yes elementor-widget elementor-widget-image\" data-id=\"9e54d16\" data-element_type=\"widget\" data-widget_type=\"image.default\">\n\t\t\t\t<div class=\"elementor-widget-container\">\n\t\t\t\t\t\t\t\t\t\t\t\t\t\t\t<img loading=\"lazy\" decoding=\"async\" width=\"500\" height=\"333\" src=\"https:\/\/livantest.difadi.net\/wp-content\/uploads\/2024\/05\/Mesa-de-trabajo-3-1.jpg\" class=\"attachment-large size-large wp-image-165\" alt=\"\" srcset=\"https:\/\/livantest.difadi.net\/wp-content\/uploads\/2024\/05\/Mesa-de-trabajo-3-1.jpg 500w, https:\/\/livantest.difadi.net\/wp-content\/uploads\/2024\/05\/Mesa-de-trabajo-3-1-300x200.jpg 300w\" sizes=\"(max-width: 500px) 100vw, 500px\" \/>\t\t\t\t\t\t\t\t\t\t\t\t\t\t\t<\/div>\n\t\t\t\t<\/div>\n\t\t\t\t<div class=\"elementor-element elementor-element-6e56c4b elementor-widget elementor-widget-heading\" data-id=\"6e56c4b\" data-element_type=\"widget\" data-widget_type=\"heading.default\">\n\t\t\t\t<div class=\"elementor-widget-container\">\n\t\t\t\t\t<h3 class=\"elementor-heading-title elementor-size-default\">Conoce m\u00e1s sobre Livan<\/h3>\t\t\t\t<\/div>\n\t\t\t\t<\/div>\n\t\t\t\t<div class=\"elementor-element elementor-element-7e07951 elementor-widget elementor-widget-text-editor\" data-id=\"7e07951\" data-element_type=\"widget\" data-widget_type=\"text-editor.default\">\n\t\t\t\t<div class=\"elementor-widget-container\">\n\t\t\t\t\t\t\t\t\t<p>Nuestra marca se compromete a ofrecer veh\u00edculos de alto rendimiento y un excelente servicio postventa, siempre pensando en ti.<\/p>\t\t\t\t\t\t\t\t<\/div>\n\t\t\t\t<\/div>\n\t\t\t\t<\/div>\n\t\t\t\t\t<\/div>\n\t\t\t\t<\/div>\n\t\t\t\t<\/div>\n\t\t","protected":false},"excerpt":{"rendered":"<p>Postventa Una garant\u00eda excepcional En Livan, entendemos que la tranquilidad es fundamental cuando se trata de tu veh\u00edculo. Es por eso que ofrecemos una garant\u00eda excepcional que te brinda la seguridad y confianza que mereces.\u00a0 SABER M\u00c1S Mantenimiento Nuestro servicio de mantenimiento garantiza la m\u00e1xima fiabilidad de tu veh\u00edculo. Contamos con t\u00e9cnicos especializados y repuestos [&hellip;]<\/p>\n","protected":false},"author":2,"featured_media":0,"parent":0,"menu_order":0,"comment_status":"closed","ping_status":"closed","template":"","meta":{"footnotes":""},"class_list":["post-158","page","type-page","status-publish","hentry","entry"],"yoast_head":"<!-- This site is optimized with the Yoast SEO plugin v24.8.1 - https:\/\/yoast.com\/wordpress\/plugins\/seo\/ -->\n<title>Postventa - livanauto<\/title>\n<meta name=\"description\" content=\"En nuestra p\u00e1gina de postventa, nos dedicamos a ofrecerte un servicio integral para garantizar tu total satisfacci\u00f3n.\" \/>\n<meta name=\"robots\" content=\"noindex, follow, max-snippet:-1, max-image-preview:large, max-video-preview:-1\" \/>\n<meta property=\"og:locale\" content=\"es_ES\" \/>\n<meta property=\"og:type\" content=\"article\" \/>\n<meta property=\"og:title\" content=\"Postventa - livanauto\" \/>\n<meta property=\"og:description\" content=\"En nuestra p\u00e1gina de postventa, nos dedicamos a ofrecerte un servicio integral para garantizar tu total satisfacci\u00f3n.\" \/>\n<meta property=\"og:url\" content=\"https:\/\/livantest.difadi.net\/?page_id=158\" \/>\n<meta property=\"og:site_name\" content=\"livanauto\" \/>\n<meta property=\"article:modified_time\" content=\"2025-03-05T16:54:42+00:00\" \/>\n<meta property=\"og:image\" content=\"https:\/\/livantest.difadi.net\/wp-content\/uploads\/2024\/05\/garantia.jpg\" \/>\n<meta name=\"twitter:card\" content=\"summary_large_image\" \/>\n<meta name=\"twitter:label1\" content=\"Tiempo de lectura\" \/>\n\t<meta name=\"twitter:data1\" content=\"2 minutos\" \/>\n<script type=\"application\/ld+json\" class=\"yoast-schema-graph\">{\"@context\":\"https:\/\/schema.org\",\"@graph\":[{\"@type\":\"WebPage\",\"@id\":\"https:\/\/livantest.difadi.net\/?page_id=158\",\"url\":\"https:\/\/livantest.difadi.net\/?page_id=158\",\"name\":\"Postventa - livanauto\",\"isPartOf\":{\"@id\":\"https:\/\/livantest.difadi.net\/#website\"},\"primaryImageOfPage\":{\"@id\":\"https:\/\/livantest.difadi.net\/?page_id=158#primaryimage\"},\"image\":{\"@id\":\"https:\/\/livantest.difadi.net\/?page_id=158#primaryimage\"},\"thumbnailUrl\":\"https:\/\/livantest.difadi.net\/wp-content\/uploads\/2024\/05\/garantia.jpg\",\"datePublished\":\"2024-05-17T08:00:19+00:00\",\"dateModified\":\"2025-03-05T16:54:42+00:00\",\"description\":\"En nuestra p\u00e1gina de postventa, nos dedicamos a ofrecerte un servicio integral para garantizar tu total satisfacci\u00f3n.\",\"breadcrumb\":{\"@id\":\"https:\/\/livantest.difadi.net\/?page_id=158#breadcrumb\"},\"inLanguage\":\"es\",\"potentialAction\":[{\"@type\":\"ReadAction\",\"target\":[\"https:\/\/livantest.difadi.net\/?page_id=158\"]}]},{\"@type\":\"ImageObject\",\"inLanguage\":\"es\",\"@id\":\"https:\/\/livantest.difadi.net\/?page_id=158#primaryimage\",\"url\":\"https:\/\/livantest.difadi.net\/wp-content\/uploads\/2024\/05\/garantia.jpg\",\"contentUrl\":\"https:\/\/livantest.difadi.net\/wp-content\/uploads\/2024\/05\/garantia.jpg\",\"width\":800,\"height\":534},{\"@type\":\"BreadcrumbList\",\"@id\":\"https:\/\/livantest.difadi.net\/?page_id=158#breadcrumb\",\"itemListElement\":[{\"@type\":\"ListItem\",\"position\":1,\"name\":\"Portada\",\"item\":\"https:\/\/livantest.difadi.net\/\"},{\"@type\":\"ListItem\",\"position\":2,\"name\":\"Postventa\"}]},{\"@type\":\"WebSite\",\"@id\":\"https:\/\/livantest.difadi.net\/#website\",\"url\":\"https:\/\/livantest.difadi.net\/\",\"name\":\"livanauto\",\"description\":\"Just another WordPress site\",\"publisher\":{\"@id\":\"https:\/\/livantest.difadi.net\/#organization\"},\"potentialAction\":[{\"@type\":\"SearchAction\",\"target\":{\"@type\":\"EntryPoint\",\"urlTemplate\":\"https:\/\/livantest.difadi.net\/?s={search_term_string}\"},\"query-input\":{\"@type\":\"PropertyValueSpecification\",\"valueRequired\":true,\"valueName\":\"search_term_string\"}}],\"inLanguage\":\"es\"},{\"@type\":\"Organization\",\"@id\":\"https:\/\/livantest.difadi.net\/#organization\",\"name\":\"livanauto\",\"url\":\"https:\/\/livantest.difadi.net\/\",\"logo\":{\"@type\":\"ImageObject\",\"inLanguage\":\"es\",\"@id\":\"https:\/\/livantest.difadi.net\/#\/schema\/logo\/image\/\",\"url\":\"https:\/\/livantest.difadi.net\/wp-content\/uploads\/2024\/05\/cropped-Livan-logitpo.png\",\"contentUrl\":\"https:\/\/livantest.difadi.net\/wp-content\/uploads\/2024\/05\/cropped-Livan-logitpo.png\",\"width\":164,\"height\":58,\"caption\":\"livanauto\"},\"image\":{\"@id\":\"https:\/\/livantest.difadi.net\/#\/schema\/logo\/image\/\"}}]}<\/script>\n<!-- \/ Yoast SEO plugin. -->","yoast_head_json":{"title":"Postventa - livanauto","description":"En nuestra p\u00e1gina de postventa, nos dedicamos a ofrecerte un servicio integral para garantizar tu total satisfacci\u00f3n.","robots":{"index":"noindex","follow":"follow","max-snippet":"max-snippet:-1","max-image-preview":"max-image-preview:large","max-video-preview":"max-video-preview:-1"},"og_locale":"es_ES","og_type":"article","og_title":"Postventa - livanauto","og_description":"En nuestra p\u00e1gina de postventa, nos dedicamos a ofrecerte un servicio integral para garantizar tu total satisfacci\u00f3n.","og_url":"https:\/\/livantest.difadi.net\/?page_id=158","og_site_name":"livanauto","article_modified_time":"2025-03-05T16:54:42+00:00","og_image":[{"url":"https:\/\/livantest.difadi.net\/wp-content\/uploads\/2024\/05\/garantia.jpg","type":"","width":"","height":""}],"twitter_card":"summary_large_image","twitter_misc":{"Tiempo de lectura":"2 minutos"},"schema":{"@context":"https:\/\/schema.org","@graph":[{"@type":"WebPage","@id":"https:\/\/livantest.difadi.net\/?page_id=158","url":"https:\/\/livantest.difadi.net\/?page_id=158","name":"Postventa - livanauto","isPartOf":{"@id":"https:\/\/livantest.difadi.net\/#website"},"primaryImageOfPage":{"@id":"https:\/\/livantest.difadi.net\/?page_id=158#primaryimage"},"image":{"@id":"https:\/\/livantest.difadi.net\/?page_id=158#primaryimage"},"thumbnailUrl":"https:\/\/livantest.difadi.net\/wp-content\/uploads\/2024\/05\/garantia.jpg","datePublished":"2024-05-17T08:00:19+00:00","dateModified":"2025-03-05T16:54:42+00:00","description":"En nuestra p\u00e1gina de postventa, nos dedicamos a ofrecerte un servicio integral para garantizar tu total satisfacci\u00f3n.","breadcrumb":{"@id":"https:\/\/livantest.difadi.net\/?page_id=158#breadcrumb"},"inLanguage":"es","potentialAction":[{"@type":"ReadAction","target":["https:\/\/livantest.difadi.net\/?page_id=158"]}]},{"@type":"ImageObject","inLanguage":"es","@id":"https:\/\/livantest.difadi.net\/?page_id=158#primaryimage","url":"https:\/\/livantest.difadi.net\/wp-content\/uploads\/2024\/05\/garantia.jpg","contentUrl":"https:\/\/livantest.difadi.net\/wp-content\/uploads\/2024\/05\/garantia.jpg","width":800,"height":534},{"@type":"BreadcrumbList","@id":"https:\/\/livantest.difadi.net\/?page_id=158#breadcrumb","itemListElement":[{"@type":"ListItem","position":1,"name":"Portada","item":"https:\/\/livantest.difadi.net\/"},{"@type":"ListItem","position":2,"name":"Postventa"}]},{"@type":"WebSite","@id":"https:\/\/livantest.difadi.net\/#website","url":"https:\/\/livantest.difadi.net\/","name":"livanauto","description":"Just another WordPress site","publisher":{"@id":"https:\/\/livantest.difadi.net\/#organization"},"potentialAction":[{"@type":"SearchAction","target":{"@type":"EntryPoint","urlTemplate":"https:\/\/livantest.difadi.net\/?s={search_term_string}"},"query-input":{"@type":"PropertyValueSpecification","valueRequired":true,"valueName":"search_term_string"}}],"inLanguage":"es"},{"@type":"Organization","@id":"https:\/\/livantest.difadi.net\/#organization","name":"livanauto","url":"https:\/\/livantest.difadi.net\/","logo":{"@type":"ImageObject","inLanguage":"es","@id":"https:\/\/livantest.difadi.net\/#\/schema\/logo\/image\/","url":"https:\/\/livantest.difadi.net\/wp-content\/uploads\/2024\/05\/cropped-Livan-logitpo.png","contentUrl":"https:\/\/livantest.difadi.net\/wp-content\/uploads\/2024\/05\/cropped-Livan-logitpo.png","width":164,"height":58,"caption":"livanauto"},"image":{"@id":"https:\/\/livantest.difadi.net\/#\/schema\/logo\/image\/"}}]}},"_links":{"self":[{"href":"https:\/\/livantest.difadi.net\/index.php?rest_route=\/wp\/v2\/pages\/158","targetHints":{"allow":["GET"]}}],"collection":[{"href":"https:\/\/livantest.difadi.net\/index.php?rest_route=\/wp\/v2\/pages"}],"about":[{"href":"https:\/\/livantest.difadi.net\/index.php?rest_route=\/wp\/v2\/types\/page"}],"author":[{"embeddable":true,"href":"https:\/\/livantest.difadi.net\/index.php?rest_route=\/wp\/v2\/users\/2"}],"replies":[{"embeddable":true,"href":"https:\/\/livantest.difadi.net\/index.php?rest_route=%2Fwp%2Fv2%2Fcomments&post=158"}],"version-history":[{"count":22,"href":"https:\/\/livantest.difadi.net\/index.php?rest_route=\/wp\/v2\/pages\/158\/revisions"}],"predecessor-version":[{"id":1434,"href":"https:\/\/livantest.difadi.net\/index.php?rest_route=\/wp\/v2\/pages\/158\/revisions\/1434"}],"wp:attachment":[{"href":"https:\/\/livantest.difadi.net\/index.php?rest_route=%2Fwp%2Fv2%2Fmedia&parent=158"}],"curies":[{"name":"wp","href":"https:\/\/api.w.org\/{rel}","templated":true}]}}